{"id":413,"date":"2021-02-04T18:07:32","date_gmt":"2021-02-04T18:07:32","guid":{"rendered":"http:\/\/www.ocal.com.uy\/ocalsa\/?page_id=413"},"modified":"2023-06-21T13:41:26","modified_gmt":"2023-06-21T13:41:26","slug":"oc-premoldeados","status":"publish","type":"page","link":"https:\/\/www.ocal.com.uy\/ocalsa\/oc-premoldeados\/","title":{"rendered":"OC Premoldeados"},"content":{"rendered":"\t\t<div data-elementor-type=\"wp-page\" data-elementor-id=\"413\" class=\"elementor elementor-413\" data-elementor-post-type=\"page\">\n\t\t\t\t\t\t<section class=\"elementor-section elementor-top-section elementor-element elementor-element-48aa3da3 elementor-section-boxed elementor-section-height-default elementor-section-height-default\" data-id=\"48aa3da3\" data-element_type=\"section\" data-settings=\"{&quot;background_background&quot;:&quot;classic&quot;}\">\n\t\t\t\t\t\t<div class=\"elementor-container elementor-column-gap-default\">\n\t\t\t\t\t<div class=\"elementor-column elementor-col-100 elementor-top-column elementor-element elementor-element-19f37e2e\" data-id=\"19f37e2e\" data-element_type=\"column\">\n\t\t\t<div class=\"elementor-widget-wrap elementor-element-populated\">\n\t\t\t\t\t\t<div class=\"elementor-element elementor-element-4fe87461 elementor-widget elementor-widget-heading\" data-id=\"4fe87461\" data-element_type=\"widget\" data-widget_type=\"heading.default\">\n\t\t\t\t<div class=\"elementor-widget-container\">\n\t\t\t<h1 class=\"elementor-heading-title elementor-size-default\">OC Premoldeados<\/h1>\t\t<\/div>\n\t\t\t\t<\/div>\n\t\t\t\t<div class=\"elementor-element elementor-element-35ad6a18 elementor-widget elementor-widget-text-editor\" data-id=\"35ad6a18\" data-element_type=\"widget\" data-widget_type=\"text-editor.default\">\n\t\t\t\t<div class=\"elementor-widget-container\">\n\t\t\t\t\t\t\t<p>Una compa\u00f1\u00eda de Grupo Ocal<\/p>\t\t\t\t\t\t<\/div>\n\t\t\t\t<\/div>\n\t\t\t\t\t<\/div>\n\t\t<\/div>\n\t\t\t\t\t<\/div>\n\t\t<\/section>\n\t\t\t\t<section class=\"elementor-section elementor-top-section elementor-element elementor-element-f78dd2f elementor-section-boxed elementor-section-height-default elementor-section-height-default\" data-id=\"f78dd2f\" data-element_type=\"section\">\n\t\t\t\t\t\t<div class=\"elementor-container elementor-column-gap-default\">\n\t\t\t\t\t<div class=\"elementor-column elementor-col-100 elementor-top-column elementor-element elementor-element-18c8515\" data-id=\"18c8515\" data-element_type=\"column\">\n\t\t\t<div class=\"elementor-widget-wrap elementor-element-populated\">\n\t\t\t\t\t\t<div class=\"elementor-element elementor-element-095a837 elementor-widget elementor-widget-image\" data-id=\"095a837\" data-element_type=\"widget\" data-widget_type=\"image.default\">\n\t\t\t\t<div class=\"elementor-widget-container\">\n\t\t\t\t\t\t\t\t\t\t\t\t\t<img decoding=\"async\" width=\"270\" height=\"96\" data-src=\"https:\/\/www.ocal.com.uy\/ocalsa\/wp-content\/uploads\/2021\/02\/logo_oc_premoldeados-1.png\" class=\"attachment-large size-large wp-image-431 lazyload\" alt=\"\" src=\"data:image\/gif;base64,R0lGODlhAQABAAAAACH5BAEKAAEALAAAAAABAAEAAAICTAEAOw==\" style=\"--smush-placeholder-width: 270px; --smush-placeholder-aspect-ratio: 270\/96;\" \/><noscript><img decoding=\"async\" width=\"270\" height=\"96\" src=\"https:\/\/www.ocal.com.uy\/ocalsa\/wp-content\/uploads\/2021\/02\/logo_oc_premoldeados-1.png\" class=\"attachment-large size-large wp-image-431\" alt=\"\" \/><\/noscript>\t\t\t\t\t\t\t\t\t\t\t\t\t<\/div>\n\t\t\t\t<\/div>\n\t\t\t\t\t<\/div>\n\t\t<\/div>\n\t\t\t\t\t<\/div>\n\t\t<\/section>\n\t\t\t\t<section class=\"elementor-section elementor-top-section elementor-element elementor-element-1146c42d elementor-section-boxed elementor-section-height-default elementor-section-height-default\" data-id=\"1146c42d\" data-element_type=\"section\" data-settings=\"{&quot;background_background&quot;:&quot;classic&quot;}\">\n\t\t\t\t\t\t<div class=\"elementor-container elementor-column-gap-default\">\n\t\t\t\t\t<div class=\"elementor-column elementor-col-50 elementor-top-column elementor-element elementor-element-7fa2c813\" data-id=\"7fa2c813\" data-element_type=\"column\">\n\t\t\t<div class=\"elementor-widget-wrap elementor-element-populated\">\n\t\t\t\t\t\t<div class=\"elementor-element elementor-element-68fecaf elementor-widget elementor-widget-image\" data-id=\"68fecaf\" data-element_type=\"widget\" data-widget_type=\"image.default\">\n\t\t\t\t<div class=\"elementor-widget-container\">\n\t\t\t\t\t\t\t\t\t\t\t\t\t<img fetchpriority=\"high\" decoding=\"async\" width=\"512\" height=\"320\" src=\"https:\/\/www.ocal.com.uy\/ocalsa\/wp-content\/uploads\/2021\/02\/premoldeados.png\" class=\"attachment-1536x1536 size-1536x1536 wp-image-432\" alt=\"\" srcset=\"https:\/\/www.ocal.com.uy\/ocalsa\/wp-content\/uploads\/2021\/02\/premoldeados.png 512w, https:\/\/www.ocal.com.uy\/ocalsa\/wp-content\/uploads\/2021\/02\/premoldeados-300x188.png 300w\" sizes=\"(max-width: 512px) 100vw, 512px\" \/>\t\t\t\t\t\t\t\t\t\t\t\t\t<\/div>\n\t\t\t\t<\/div>\n\t\t\t\t\t<\/div>\n\t\t<\/div>\n\t\t\t\t<div class=\"elementor-column elementor-col-50 elementor-top-column elementor-element elementor-element-78b55a60\" data-id=\"78b55a60\" data-element_type=\"column\">\n\t\t\t<div class=\"elementor-widget-wrap elementor-element-populated\">\n\t\t\t\t\t\t<div class=\"elementor-element elementor-element-4edf806 elementor-widget elementor-widget-heading\" data-id=\"4edf806\" data-element_type=\"widget\" data-widget_type=\"heading.default\">\n\t\t\t\t<div class=\"elementor-widget-container\">\n\t\t\t<h1 class=\"elementor-heading-title elementor-size-default\">\u00bfQu\u00e9 hacemos?<\/h1>\t\t<\/div>\n\t\t\t\t<\/div>\n\t\t\t\t<div class=\"elementor-element elementor-element-69c1e96f elementor-widget elementor-widget-text-editor\" data-id=\"69c1e96f\" data-element_type=\"widget\" data-widget_type=\"text-editor.default\">\n\t\t\t\t<div class=\"elementor-widget-container\">\n\t\t\t\t\t\t\t<p>En <strong>Ocal Premoldeados<\/strong> realizamos todo tipo de\u00a0 revestimiento para pisos o paredes. Excelente calidad y durabilidad.<\/p><p><strong>EQUIPO DE PROFESIONALES<\/strong><br \/>Contamos con un equipo de profesionales altamente calificados:<br \/>Mauricio C\u00e1ceres &#8211; T\u00e9cnico Constructor.<br \/>Joaqu\u00edn Torres P\u00e9rez &#8211; Arquitecto.<\/p><p><strong>EXPERIENCIA<\/strong><br \/>\u201cCuando el cliente es prioridad, el cliente perdura.\u201d OC Premoldeados cuenta con recursos humanos de larga experiencia en la producci\u00f3n y con vendedores que la trasmiten con eficiencia.<\/p>\t\t\t\t\t\t<\/div>\n\t\t\t\t<\/div>\n\t\t\t\t\t<\/div>\n\t\t<\/div>\n\t\t\t\t\t<\/div>\n\t\t<\/section>\n\t\t\t\t<section class=\"elementor-section elementor-top-section elementor-element elementor-element-f078b2c elementor-section-boxed elementor-section-height-default elementor-section-height-default\" data-id=\"f078b2c\" data-element_type=\"section\">\n\t\t\t\t\t\t<div class=\"elementor-container elementor-column-gap-default\">\n\t\t\t\t\t<div class=\"elementor-column elementor-col-50 elementor-top-column elementor-element elementor-element-a1d11a4\" data-id=\"a1d11a4\" data-element_type=\"column\">\n\t\t\t<div class=\"elementor-widget-wrap elementor-element-populated\">\n\t\t\t\t\t\t<div class=\"elementor-element elementor-element-22409b6 elementor-widget elementor-widget-text-editor\" data-id=\"22409b6\" data-element_type=\"widget\" data-widget_type=\"text-editor.default\">\n\t\t\t\t<div class=\"elementor-widget-container\">\n\t\t\t\t\t\t\t<p><strong>ALTA TECNOLOG\u00cdA<\/strong><br \/>A trav\u00e9s de sus tres segmentos de producci\u00f3n \u2014Materiales, Recursos Humanos y Log\u00edstica\u2014 OC Premoldeados est\u00e1 aprovechando la tecnolog\u00eda y la innovaci\u00f3n para producir un producto de alta calidad.<br \/>En el segmento de <strong>Materiales<\/strong> se eligen proveedores de insumos de nivel superior, mejorando as\u00ed la calidad y durabilidad de cada pieza producida.<br \/>En lo que hace a <strong>Recursos Humanos<\/strong> apostamos a la preparaci\u00f3n de estos en las nuevas tecnolog\u00edas, logrando as\u00ed la mejor automatizaci\u00f3n de la producci\u00f3n sin descuidar la calidad.\u00a0<\/p>\t\t\t\t\t\t<\/div>\n\t\t\t\t<\/div>\n\t\t\t\t\t<\/div>\n\t\t<\/div>\n\t\t\t\t<div class=\"elementor-column elementor-col-50 elementor-top-column elementor-element elementor-element-967ab1c\" data-id=\"967ab1c\" data-element_type=\"column\">\n\t\t\t<div class=\"elementor-widget-wrap elementor-element-populated\">\n\t\t\t\t\t\t<div class=\"elementor-element elementor-element-34a581c elementor-widget elementor-widget-text-editor\" data-id=\"34a581c\" data-element_type=\"widget\" data-widget_type=\"text-editor.default\">\n\t\t\t\t<div class=\"elementor-widget-container\">\n\t\t\t\t\t\t\t<p>Contribuimos adem\u00e1s a crear \u00e1reas seguras y protegidas con el m\u00e1ximo cuidado del medio ambiente.<br \/>Respecto de Log\u00edstica, realizamos una b\u00fasqueda constante de renovaci\u00f3n de equipos de producci\u00f3n y el lanzamiento al mercado de productos y servicios de alta calidad y alto rendimiento.<\/p><p><strong>PLANES DE PAGO FLEXIBLES<\/strong><br \/>Ofrecemos facilidades de pago como mecanismo para dar ventajas a la hora de adquirir nuestros productos.<\/p>\t\t\t\t\t\t<\/div>\n\t\t\t\t<\/div>\n\t\t\t\t\t<\/div>\n\t\t<\/div>\n\t\t\t\t\t<\/div>\n\t\t<\/section>\n\t\t\t\t<section class=\"elementor-section elementor-top-section elementor-element elementor-element-34df6b4 elementor-section-boxed elementor-section-height-default elementor-section-height-default\" data-id=\"34df6b4\" data-element_type=\"section\">\n\t\t\t\t\t\t<div class=\"elementor-container elementor-column-gap-default\">\n\t\t\t\t\t<div class=\"elementor-column elementor-col-100 elementor-top-column elementor-element elementor-element-2640be3\" data-id=\"2640be3\" data-element_type=\"column\">\n\t\t\t<div class=\"elementor-widget-wrap elementor-element-populated\">\n\t\t\t\t\t\t<div class=\"elementor-element elementor-element-38a7de5 elementor-widget elementor-widget-gallery\" data-id=\"38a7de5\" data-element_type=\"widget\" data-settings=\"{&quot;columns&quot;:3,&quot;lazyload&quot;:&quot;yes&quot;,&quot;gallery_layout&quot;:&quot;grid&quot;,&quot;columns_tablet&quot;:2,&quot;columns_mobile&quot;:1,&quot;gap&quot;:{&quot;unit&quot;:&quot;px&quot;,&quot;size&quot;:10,&quot;sizes&quot;:[]},&quot;gap_tablet&quot;:{&quot;unit&quot;:&quot;px&quot;,&quot;size&quot;:10,&quot;sizes&quot;:[]},&quot;gap_mobile&quot;:{&quot;unit&quot;:&quot;px&quot;,&quot;size&quot;:10,&quot;sizes&quot;:[]},&quot;link_to&quot;:&quot;file&quot;,&quot;aspect_ratio&quot;:&quot;3:2&quot;,&quot;overlay_background&quot;:&quot;yes&quot;,&quot;content_hover_animation&quot;:&quot;fade-in&quot;}\" data-widget_type=\"gallery.default\">\n\t\t\t\t<div class=\"elementor-widget-container\">\n\t\t\t\t\t<div class=\"elementor-gallery__container\">\n\t\t\t\t\t\t\t<a class=\"e-gallery-item elementor-gallery-item elementor-animated-content\" href=\"https:\/\/www.ocal.com.uy\/ocalsa\/wp-content\/uploads\/2023\/04\/Foto1-1.jpg\" data-elementor-open-lightbox=\"yes\" data-elementor-lightbox-title=\"OC Premoldeados\" data-e-action-hash=\"#elementor-action%3Aaction%3Dlightbox%26settings%3DeyJpZCI6MTY4NCwidXJsIjoiaHR0cHM6XC9cL3d3dy5vY2FsLmNvbS51eVwvb2NhbHNhXC93cC1jb250ZW50XC91cGxvYWRzXC8yMDIzXC8wNFwvRm90bzEtMS5qcGcifQ%3D%3D\">\n\t\t\t\t\t<div class=\"e-gallery-image elementor-gallery-item__image\" data-thumbnail=\"https:\/\/www.ocal.com.uy\/ocalsa\/wp-content\/uploads\/2023\/04\/Foto1-1.jpg\" data-width=\"797\" data-height=\"572\" aria-label=\"\" role=\"img\" ><\/div>\n\t\t\t\t\t\t\t\t\t\t\t<div class=\"elementor-gallery-item__overlay\"><\/div>\n\t\t\t\t\t\t\t\t\t\t\t\t\t\t<\/a>\n\t\t\t\t\t\t\t<a class=\"e-gallery-item elementor-gallery-item elementor-animated-content\" href=\"https:\/\/www.ocal.com.uy\/ocalsa\/wp-content\/uploads\/2023\/04\/Foto2-1.jpg\" data-elementor-open-lightbox=\"yes\" data-elementor-lightbox-title=\"OC Premoldeados\" data-e-action-hash=\"#elementor-action%3Aaction%3Dlightbox%26settings%3DeyJpZCI6MTY4NSwidXJsIjoiaHR0cHM6XC9cL3d3dy5vY2FsLmNvbS51eVwvb2NhbHNhXC93cC1jb250ZW50XC91cGxvYWRzXC8yMDIzXC8wNFwvRm90bzItMS5qcGcifQ%3D%3D\">\n\t\t\t\t\t<div class=\"e-gallery-image elementor-gallery-item__image\" data-thumbnail=\"https:\/\/www.ocal.com.uy\/ocalsa\/wp-content\/uploads\/2023\/04\/Foto2-1.jpg\" data-width=\"960\" data-height=\"688\" aria-label=\"\" role=\"img\" ><\/div>\n\t\t\t\t\t\t\t\t\t\t\t<div class=\"elementor-gallery-item__overlay\"><\/div>\n\t\t\t\t\t\t\t\t\t\t\t\t\t\t<\/a>\n\t\t\t\t\t\t\t<a class=\"e-gallery-item elementor-gallery-item elementor-animated-content\" href=\"https:\/\/www.ocal.com.uy\/ocalsa\/wp-content\/uploads\/2023\/04\/Foto3-1.jpg\" data-elementor-open-lightbox=\"yes\" data-elementor-lightbox-title=\"OC Premoldeados\" data-e-action-hash=\"#elementor-action%3Aaction%3Dlightbox%26settings%3DeyJpZCI6MTY4NiwidXJsIjoiaHR0cHM6XC9cL3d3dy5vY2FsLmNvbS51eVwvb2NhbHNhXC93cC1jb250ZW50XC91cGxvYWRzXC8yMDIzXC8wNFwvRm90bzMtMS5qcGcifQ%3D%3D\">\n\t\t\t\t\t<div class=\"e-gallery-image elementor-gallery-item__image\" data-thumbnail=\"https:\/\/www.ocal.com.uy\/ocalsa\/wp-content\/uploads\/2023\/04\/Foto3-1.jpg\" data-width=\"720\" data-height=\"540\" aria-label=\"\" role=\"img\" ><\/div>\n\t\t\t\t\t\t\t\t\t\t\t<div class=\"elementor-gallery-item__overlay\"><\/div>\n\t\t\t\t\t\t\t\t\t\t\t\t\t\t<\/a>\n\t\t\t\t\t\t\t<a class=\"e-gallery-item elementor-gallery-item elementor-animated-content\" href=\"https:\/\/www.ocal.com.uy\/ocalsa\/wp-content\/uploads\/2023\/04\/Foto4-1.jpg\" data-elementor-open-lightbox=\"yes\" data-elementor-lightbox-title=\"OC Premoldeados\" data-e-action-hash=\"#elementor-action%3Aaction%3Dlightbox%26settings%3DeyJpZCI6MTY4NywidXJsIjoiaHR0cHM6XC9cL3d3dy5vY2FsLmNvbS51eVwvb2NhbHNhXC93cC1jb250ZW50XC91cGxvYWRzXC8yMDIzXC8wNFwvRm90bzQtMS5qcGcifQ%3D%3D\">\n\t\t\t\t\t<div class=\"e-gallery-image elementor-gallery-item__image\" data-thumbnail=\"https:\/\/www.ocal.com.uy\/ocalsa\/wp-content\/uploads\/2023\/04\/Foto4-1.jpg\" data-width=\"720\" data-height=\"540\" aria-label=\"\" role=\"img\" ><\/div>\n\t\t\t\t\t\t\t\t\t\t\t<div class=\"elementor-gallery-item__overlay\"><\/div>\n\t\t\t\t\t\t\t\t\t\t\t\t\t\t<\/a>\n\t\t\t\t\t\t\t<a class=\"e-gallery-item elementor-gallery-item elementor-animated-content\" href=\"https:\/\/www.ocal.com.uy\/ocalsa\/wp-content\/uploads\/2023\/04\/Foto5-1.jpg\" data-elementor-open-lightbox=\"yes\" data-elementor-lightbox-title=\"OC Premoldeados\" data-e-action-hash=\"#elementor-action%3Aaction%3Dlightbox%26settings%3DeyJpZCI6MTY4OCwidXJsIjoiaHR0cHM6XC9cL3d3dy5vY2FsLmNvbS51eVwvb2NhbHNhXC93cC1jb250ZW50XC91cGxvYWRzXC8yMDIzXC8wNFwvRm90bzUtMS5qcGcifQ%3D%3D\">\n\t\t\t\t\t<div class=\"e-gallery-image elementor-gallery-item__image\" data-thumbnail=\"https:\/\/www.ocal.com.uy\/ocalsa\/wp-content\/uploads\/2023\/04\/Foto5-1.jpg\" data-width=\"333\" data-height=\"332\" aria-label=\"\" role=\"img\" ><\/div>\n\t\t\t\t\t\t\t\t\t\t\t<div class=\"elementor-gallery-item__overlay\"><\/div>\n\t\t\t\t\t\t\t\t\t\t\t\t\t\t<\/a>\n\t\t\t\t\t\t\t<a class=\"e-gallery-item elementor-gallery-item elementor-animated-content\" href=\"https:\/\/www.ocal.com.uy\/ocalsa\/wp-content\/uploads\/2023\/04\/Foto6.png\" data-elementor-open-lightbox=\"yes\" data-elementor-lightbox-title=\"OC Premoldeados\" data-e-action-hash=\"#elementor-action%3Aaction%3Dlightbox%26settings%3DeyJpZCI6MTY4OSwidXJsIjoiaHR0cHM6XC9cL3d3dy5vY2FsLmNvbS51eVwvb2NhbHNhXC93cC1jb250ZW50XC91cGxvYWRzXC8yMDIzXC8wNFwvRm90bzYucG5nIn0%3D\">\n\t\t\t\t\t<div class=\"e-gallery-image elementor-gallery-item__image\" data-thumbnail=\"https:\/\/www.ocal.com.uy\/ocalsa\/wp-content\/uploads\/2023\/04\/Foto6.png\" data-width=\"169\" data-height=\"167\" aria-label=\"\" role=\"img\" ><\/div>\n\t\t\t\t\t\t\t\t\t\t\t<div class=\"elementor-gallery-item__overlay\"><\/div>\n\t\t\t\t\t\t\t\t\t\t\t\t\t\t<\/a>\n\t\t\t\t\t\t\t<a class=\"e-gallery-item elementor-gallery-item elementor-animated-content\" href=\"https:\/\/www.ocal.com.uy\/ocalsa\/wp-content\/uploads\/2023\/04\/Foto7-1.jpg\" data-elementor-open-lightbox=\"yes\" data-elementor-lightbox-title=\"OC Premoldeados\" data-e-action-hash=\"#elementor-action%3Aaction%3Dlightbox%26settings%3DeyJpZCI6MTY5MCwidXJsIjoiaHR0cHM6XC9cL3d3dy5vY2FsLmNvbS51eVwvb2NhbHNhXC93cC1jb250ZW50XC91cGxvYWRzXC8yMDIzXC8wNFwvRm90bzctMS5qcGcifQ%3D%3D\">\n\t\t\t\t\t<div class=\"e-gallery-image elementor-gallery-item__image\" data-thumbnail=\"https:\/\/www.ocal.com.uy\/ocalsa\/wp-content\/uploads\/2023\/04\/Foto7-1.jpg\" data-width=\"693\" data-height=\"649\" aria-label=\"\" role=\"img\" ><\/div>\n\t\t\t\t\t\t\t\t\t\t\t<div class=\"elementor-gallery-item__overlay\"><\/div>\n\t\t\t\t\t\t\t\t\t\t\t\t\t\t<\/a>\n\t\t\t\t\t\t\t<a class=\"e-gallery-item elementor-gallery-item elementor-animated-content\" href=\"https:\/\/www.ocal.com.uy\/ocalsa\/wp-content\/uploads\/2023\/04\/Foto8-1.jpg\" data-elementor-open-lightbox=\"yes\" data-elementor-lightbox-title=\"OC Premoldeados\" data-e-action-hash=\"#elementor-action%3Aaction%3Dlightbox%26settings%3DeyJpZCI6MTY5MiwidXJsIjoiaHR0cHM6XC9cL3d3dy5vY2FsLmNvbS51eVwvb2NhbHNhXC93cC1jb250ZW50XC91cGxvYWRzXC8yMDIzXC8wNFwvRm90bzgtMS5qcGcifQ%3D%3D\">\n\t\t\t\t\t<div class=\"e-gallery-image elementor-gallery-item__image\" data-thumbnail=\"https:\/\/www.ocal.com.uy\/ocalsa\/wp-content\/uploads\/2023\/04\/Foto8-1.jpg\" data-width=\"1200\" data-height=\"1063\" aria-label=\"\" role=\"img\" ><\/div>\n\t\t\t\t\t\t\t\t\t\t\t<div class=\"elementor-gallery-item__overlay\"><\/div>\n\t\t\t\t\t\t\t\t\t\t\t\t\t\t<\/a>\n\t\t\t\t\t\t\t<a class=\"e-gallery-item elementor-gallery-item elementor-animated-content\" href=\"https:\/\/www.ocal.com.uy\/ocalsa\/wp-content\/uploads\/2023\/04\/Foto9-1.jpg\" data-elementor-open-lightbox=\"yes\" data-elementor-lightbox-title=\"OC Premoldeados\" data-e-action-hash=\"#elementor-action%3Aaction%3Dlightbox%26settings%3DeyJpZCI6MTY5MywidXJsIjoiaHR0cHM6XC9cL3d3dy5vY2FsLmNvbS51eVwvb2NhbHNhXC93cC1jb250ZW50XC91cGxvYWRzXC8yMDIzXC8wNFwvRm90bzktMS5qcGcifQ%3D%3D\">\n\t\t\t\t\t<div class=\"e-gallery-image elementor-gallery-item__image\" data-thumbnail=\"https:\/\/www.ocal.com.uy\/ocalsa\/wp-content\/uploads\/2023\/04\/Foto9-1.jpg\" data-width=\"1200\" data-height=\"900\" aria-label=\"\" role=\"img\" ><\/div>\n\t\t\t\t\t\t\t\t\t\t\t<div class=\"elementor-gallery-item__overlay\"><\/div>\n\t\t\t\t\t\t\t\t\t\t\t\t\t\t<\/a>\n\t\t\t\t\t\t\t<a class=\"e-gallery-item elementor-gallery-item elementor-animated-content\" href=\"https:\/\/www.ocal.com.uy\/ocalsa\/wp-content\/uploads\/2023\/04\/Foto10-1.jpg\" data-elementor-open-lightbox=\"yes\" data-elementor-lightbox-title=\"OC Premoldeados\" data-e-action-hash=\"#elementor-action%3Aaction%3Dlightbox%26settings%3DeyJpZCI6MTY5NCwidXJsIjoiaHR0cHM6XC9cL3d3dy5vY2FsLmNvbS51eVwvb2NhbHNhXC93cC1jb250ZW50XC91cGxvYWRzXC8yMDIzXC8wNFwvRm90bzEwLTEuanBnIn0%3D\">\n\t\t\t\t\t<div class=\"e-gallery-image elementor-gallery-item__image\" data-thumbnail=\"https:\/\/www.ocal.com.uy\/ocalsa\/wp-content\/uploads\/2023\/04\/Foto10-1.jpg\" data-width=\"338\" data-height=\"900\" aria-label=\"\" role=\"img\" ><\/div>\n\t\t\t\t\t\t\t\t\t\t\t<div class=\"elementor-gallery-item__overlay\"><\/div>\n\t\t\t\t\t\t\t\t\t\t\t\t\t\t<\/a>\n\t\t\t\t\t<\/div>\n\t\t\t<\/div>\n\t\t\t\t<\/div>\n\t\t\t\t\t<\/div>\n\t\t<\/div>\n\t\t\t\t\t<\/div>\n\t\t<\/section>\n\t\t\t\t<section class=\"elementor-section elementor-top-section elementor-element elementor-element-6e90f730 elementor-section-boxed elementor-section-height-default elementor-section-height-default\" data-id=\"6e90f730\" data-element_type=\"section\" data-settings=\"{&quot;background_background&quot;:&quot;classic&quot;}\">\n\t\t\t\t\t\t<div class=\"elementor-container elementor-column-gap-default\">\n\t\t\t\t\t<div class=\"elementor-column elementor-col-100 elementor-top-column elementor-element elementor-element-727729a6\" data-id=\"727729a6\" data-element_type=\"column\">\n\t\t\t<div class=\"elementor-widget-wrap elementor-element-populated\">\n\t\t\t\t\t\t<div class=\"elementor-element elementor-element-356a4c0 elementor-widget elementor-widget-heading\" data-id=\"356a4c0\" data-element_type=\"widget\" data-widget_type=\"heading.default\">\n\t\t\t\t<div class=\"elementor-widget-container\">\n\t\t\t<h1 class=\"elementor-heading-title elementor-size-default\">\u00bfAlguna consulta? Ll\u00e1menos +598 099 856 992.<\/h1>\t\t<\/div>\n\t\t\t\t<\/div>\n\t\t\t\t<section class=\"elementor-section elementor-inner-section elementor-element elementor-element-758360d0 elementor-section-boxed elementor-section-height-default elementor-section-height-default\" data-id=\"758360d0\" data-element_type=\"section\">\n\t\t\t\t\t\t<div class=\"elementor-container elementor-column-gap-default\">\n\t\t\t\t\t<div class=\"elementor-column elementor-col-100 elementor-inner-column elementor-element elementor-element-2720ad42\" data-id=\"2720ad42\" data-element_type=\"column\">\n\t\t\t<div class=\"elementor-widget-wrap elementor-element-populated\">\n\t\t\t\t\t\t<div class=\"elementor-element elementor-element-38b6979a elementor-align-center elementor-widget elementor-widget-button\" data-id=\"38b6979a\" data-element_type=\"widget\" data-widget_type=\"button.default\">\n\t\t\t\t<div class=\"elementor-widget-container\">\n\t\t\t\t\t<div class=\"elementor-button-wrapper\">\n\t\t\t<a class=\"elementor-button elementor-button-link elementor-size-sm\" href=\"http:\/\/ocalsa\/contacto\">\n\t\t\t\t\t\t<span class=\"elementor-button-content-wrapper\">\n\t\t\t\t\t\t\t\t\t<span class=\"elementor-button-text\">Cons\u00faltenos<\/span>\n\t\t\t\t\t<\/span>\n\t\t\t\t\t<\/a>\n\t\t<\/div>\n\t\t\t\t<\/div>\n\t\t\t\t<\/div>\n\t\t\t\t\t<\/div>\n\t\t<\/div>\n\t\t\t\t\t<\/div>\n\t\t<\/section>\n\t\t\t\t\t<\/div>\n\t\t<\/div>\n\t\t\t\t\t<\/div>\n\t\t<\/section>\n\t\t\t\t<\/div>\n\t\t","protected":false},"excerpt":{"rendered":"<p>OC Premoldeados Una compa\u00f1\u00eda de Grupo Ocal \u00bfQu\u00e9 hacemos? En Ocal Premoldeados realizamos todo tipo de\u00a0 revestimiento para pisos o paredes. Excelente calidad y durabilidad. EQUIPO DE PROFESIONALESContamos con un equipo de profesionales altamente calificados:Mauricio C\u00e1ceres &#8211; T\u00e9cnico Constructor.Joaqu\u00edn Torres P\u00e9rez &#8211; Arquitecto. EXPERIENCIA\u201cCuando el cliente es prioridad, el cliente perdura.\u201d OC Premoldeados cuenta con [&hellip;]<\/p>\n","protected":false},"author":1,"featured_media":0,"parent":0,"menu_order":0,"comment_status":"closed","ping_status":"closed","template":"","meta":{"_acf_changed":false,"footnotes":""},"acf":[],"_links":{"self":[{"href":"https:\/\/www.ocal.com.uy\/ocalsa\/wp-json\/wp\/v2\/pages\/413"}],"collection":[{"href":"https:\/\/www.ocal.com.uy\/ocalsa\/wp-json\/wp\/v2\/pages"}],"about":[{"href":"https:\/\/www.ocal.com.uy\/ocalsa\/wp-json\/wp\/v2\/types\/page"}],"author":[{"embeddable":true,"href":"https:\/\/www.ocal.com.uy\/ocalsa\/wp-json\/wp\/v2\/users\/1"}],"replies":[{"embeddable":true,"href":"https:\/\/www.ocal.com.uy\/ocalsa\/wp-json\/wp\/v2\/comments?post=413"}],"version-history":[{"count":45,"href":"https:\/\/www.ocal.com.uy\/ocalsa\/wp-json\/wp\/v2\/pages\/413\/revisions"}],"predecessor-version":[{"id":1999,"href":"https:\/\/www.ocal.com.uy\/ocalsa\/wp-json\/wp\/v2\/pages\/413\/revisions\/1999"}],"wp:attachment":[{"href":"https:\/\/www.ocal.com.uy\/ocalsa\/wp-json\/wp\/v2\/media?parent=413"}],"curies":[{"name":"wp","href":"https:\/\/api.w.org\/{rel}","templated":true}]}}