{"id":458,"date":"2021-02-04T18:44:19","date_gmt":"2021-02-04T18:44:19","guid":{"rendered":"http:\/\/www.ocal.com.uy\/ocalsa\/?page_id=458"},"modified":"2022-01-28T19:10:38","modified_gmt":"2022-01-28T19:10:38","slug":"agronegocios","status":"publish","type":"page","link":"https:\/\/www.ocal.com.uy\/ocalsa\/agronegocios\/","title":{"rendered":"Agronegocios"},"content":{"rendered":"\t\t<div data-elementor-type=\"wp-page\" data-elementor-id=\"458\" class=\"elementor elementor-458\" data-elementor-post-type=\"page\">\n\t\t\t\t\t\t<section class=\"elementor-section elementor-top-section elementor-element elementor-element-48aa3da3 elementor-section-boxed elementor-section-height-default elementor-section-height-default\" data-id=\"48aa3da3\" data-element_type=\"section\" data-settings=\"{&quot;background_background&quot;:&quot;classic&quot;}\">\n\t\t\t\t\t\t\t<div class=\"elementor-background-overlay\"><\/div>\n\t\t\t\t\t\t\t<div class=\"elementor-container elementor-column-gap-default\">\n\t\t\t\t\t<div class=\"elementor-column elementor-col-100 elementor-top-column elementor-element elementor-element-19f37e2e\" data-id=\"19f37e2e\" data-element_type=\"column\">\n\t\t\t<div class=\"elementor-widget-wrap elementor-element-populated\">\n\t\t\t\t\t\t<div class=\"elementor-element elementor-element-4fe87461 elementor-widget elementor-widget-heading\" data-id=\"4fe87461\" data-element_type=\"widget\" data-widget_type=\"heading.default\">\n\t\t\t\t<div class=\"elementor-widget-container\">\n\t\t\t<h1 class=\"elementor-heading-title elementor-size-default\">Agronegocios<\/h1>\t\t<\/div>\n\t\t\t\t<\/div>\n\t\t\t\t<div class=\"elementor-element elementor-element-35ad6a18 elementor-widget elementor-widget-text-editor\" data-id=\"35ad6a18\" data-element_type=\"widget\" data-widget_type=\"text-editor.default\">\n\t\t\t\t<div class=\"elementor-widget-container\">\n\t\t\t\t\t\t\t<p>Una Divisi\u00f3n del Grupo Ocal<\/p>\t\t\t\t\t\t<\/div>\n\t\t\t\t<\/div>\n\t\t\t\t\t<\/div>\n\t\t<\/div>\n\t\t\t\t\t<\/div>\n\t\t<\/section>\n\t\t\t\t<section class=\"elementor-section elementor-top-section elementor-element elementor-element-0fc442a elementor-section-boxed elementor-section-height-default elementor-section-height-default\" data-id=\"0fc442a\" data-element_type=\"section\">\n\t\t\t\t\t\t<div class=\"elementor-container elementor-column-gap-default\">\n\t\t\t\t\t<div class=\"elementor-column elementor-col-33 elementor-top-column elementor-element elementor-element-0ba2a50 elementor-invisible\" data-id=\"0ba2a50\" data-element_type=\"column\" data-settings=\"{&quot;animation&quot;:&quot;slideInRight&quot;}\">\n\t\t\t<div class=\"elementor-widget-wrap elementor-element-populated\">\n\t\t\t\t\t\t<div class=\"elementor-element elementor-element-f6c8c78 elementor-widget elementor-widget-image\" data-id=\"f6c8c78\" data-element_type=\"widget\" data-widget_type=\"image.default\">\n\t\t\t\t<div class=\"elementor-widget-container\">\n\t\t\t\t\t\t\t\t\t\t\t\t\t\t<a href=\"\/ocalsa\/agronegocios\/\">\n\t\t\t\t\t\t\t<img decoding=\"async\" width=\"80\" height=\"60\" data-src=\"https:\/\/www.ocal.com.uy\/ocalsa\/wp-content\/uploads\/2021\/02\/uru_bandera-1.png\" class=\"elementor-animation-grow attachment-large size-large wp-image-481 lazyload\" alt=\"\" src=\"data:image\/gif;base64,R0lGODlhAQABAAAAACH5BAEKAAEALAAAAAABAAEAAAICTAEAOw==\" style=\"--smush-placeholder-width: 80px; --smush-placeholder-aspect-ratio: 80\/60;\" \/><noscript><img decoding=\"async\" width=\"80\" height=\"60\" src=\"https:\/\/www.ocal.com.uy\/ocalsa\/wp-content\/uploads\/2021\/02\/uru_bandera-1.png\" class=\"elementor-animation-grow attachment-large size-large wp-image-481\" alt=\"\" \/><\/noscript>\t\t\t\t\t\t\t\t<\/a>\n\t\t\t\t\t\t\t\t\t\t\t\t\t<\/div>\n\t\t\t\t<\/div>\n\t\t\t\t\t<\/div>\n\t\t<\/div>\n\t\t\t\t<div class=\"elementor-column elementor-col-33 elementor-top-column elementor-element elementor-element-666bda6 elementor-invisible\" data-id=\"666bda6\" data-element_type=\"column\" data-settings=\"{&quot;animation&quot;:&quot;slideInRight&quot;}\">\n\t\t\t<div class=\"elementor-widget-wrap elementor-element-populated\">\n\t\t\t\t\t\t<div class=\"elementor-element elementor-element-dddc08f elementor-widget elementor-widget-image\" data-id=\"dddc08f\" data-element_type=\"widget\" data-widget_type=\"image.default\">\n\t\t\t\t<div class=\"elementor-widget-container\">\n\t\t\t\t\t\t\t\t\t\t\t\t\t\t<a href=\"\/ocalsa\/agronegocios-ingles\">\n\t\t\t\t\t\t\t<img decoding=\"async\" width=\"80\" height=\"60\" data-src=\"https:\/\/www.ocal.com.uy\/ocalsa\/wp-content\/uploads\/2021\/02\/ingles-1.png\" class=\"elementor-animation-grow attachment-large size-large wp-image-480 lazyload\" alt=\"\" src=\"data:image\/gif;base64,R0lGODlhAQABAAAAACH5BAEKAAEALAAAAAABAAEAAAICTAEAOw==\" style=\"--smush-placeholder-width: 80px; --smush-placeholder-aspect-ratio: 80\/60;\" \/><noscript><img decoding=\"async\" width=\"80\" height=\"60\" src=\"https:\/\/www.ocal.com.uy\/ocalsa\/wp-content\/uploads\/2021\/02\/ingles-1.png\" class=\"elementor-animation-grow attachment-large size-large wp-image-480\" alt=\"\" \/><\/noscript>\t\t\t\t\t\t\t\t<\/a>\n\t\t\t\t\t\t\t\t\t\t\t\t\t<\/div>\n\t\t\t\t<\/div>\n\t\t\t\t\t<\/div>\n\t\t<\/div>\n\t\t\t\t<div class=\"elementor-column elementor-col-33 elementor-top-column elementor-element elementor-element-b985b8b elementor-invisible\" data-id=\"b985b8b\" data-element_type=\"column\" data-settings=\"{&quot;animation&quot;:&quot;slideInRight&quot;}\">\n\t\t\t<div class=\"elementor-widget-wrap elementor-element-populated\">\n\t\t\t\t\t\t<div class=\"elementor-element elementor-element-3cd3716 elementor-widget elementor-widget-image\" data-id=\"3cd3716\" data-element_type=\"widget\" data-widget_type=\"image.default\">\n\t\t\t\t<div class=\"elementor-widget-container\">\n\t\t\t\t\t\t\t\t\t\t\t\t\t\t<a href=\"\/ocalsa\/agronegocios-frances\">\n\t\t\t\t\t\t\t<img decoding=\"async\" width=\"80\" height=\"60\" data-src=\"https:\/\/www.ocal.com.uy\/ocalsa\/wp-content\/uploads\/2021\/02\/frances-1.png\" class=\"elementor-animation-grow attachment-large size-large wp-image-479 lazyload\" alt=\"\" src=\"data:image\/gif;base64,R0lGODlhAQABAAAAACH5BAEKAAEALAAAAAABAAEAAAICTAEAOw==\" style=\"--smush-placeholder-width: 80px; --smush-placeholder-aspect-ratio: 80\/60;\" \/><noscript><img decoding=\"async\" width=\"80\" height=\"60\" src=\"https:\/\/www.ocal.com.uy\/ocalsa\/wp-content\/uploads\/2021\/02\/frances-1.png\" class=\"elementor-animation-grow attachment-large size-large wp-image-479\" alt=\"\" \/><\/noscript>\t\t\t\t\t\t\t\t<\/a>\n\t\t\t\t\t\t\t\t\t\t\t\t\t<\/div>\n\t\t\t\t<\/div>\n\t\t\t\t\t<\/div>\n\t\t<\/div>\n\t\t\t\t\t<\/div>\n\t\t<\/section>\n\t\t\t\t<section class=\"elementor-section elementor-top-section elementor-element elementor-element-aa85aa0 elementor-section-boxed elementor-section-height-default elementor-section-height-default\" data-id=\"aa85aa0\" data-element_type=\"section\">\n\t\t\t\t\t\t<div class=\"elementor-container elementor-column-gap-default\">\n\t\t\t\t\t<div class=\"elementor-column elementor-col-100 elementor-top-column elementor-element elementor-element-a351593 elementor-invisible\" data-id=\"a351593\" data-element_type=\"column\" data-settings=\"{&quot;animation&quot;:&quot;slideInLeft&quot;}\">\n\t\t\t<div class=\"elementor-widget-wrap elementor-element-populated\">\n\t\t\t\t\t\t<div class=\"elementor-element elementor-element-1adf82d elementor-widget-divider--view-line elementor-widget elementor-widget-divider\" data-id=\"1adf82d\" data-element_type=\"widget\" data-widget_type=\"divider.default\">\n\t\t\t\t<div class=\"elementor-widget-container\">\n\t\t\t\t\t<div class=\"elementor-divider\">\n\t\t\t<span class=\"elementor-divider-separator\">\n\t\t\t\t\t\t<\/span>\n\t\t<\/div>\n\t\t\t\t<\/div>\n\t\t\t\t<\/div>\n\t\t\t\t\t<\/div>\n\t\t<\/div>\n\t\t\t\t\t<\/div>\n\t\t<\/section>\n\t\t\t\t<section class=\"elementor-section elementor-top-section elementor-element elementor-element-e37f286 elementor-section-boxed elementor-section-height-default elementor-section-height-default\" data-id=\"e37f286\" data-element_type=\"section\">\n\t\t\t\t\t\t<div class=\"elementor-container elementor-column-gap-default\">\n\t\t\t\t\t<div class=\"elementor-column elementor-col-100 elementor-top-column elementor-element elementor-element-0e3f21b\" data-id=\"0e3f21b\" data-element_type=\"column\">\n\t\t\t<div class=\"elementor-widget-wrap elementor-element-populated\">\n\t\t\t\t\t\t<div class=\"elementor-element elementor-element-51c8b17 elementor-widget elementor-widget-image\" data-id=\"51c8b17\" data-element_type=\"widget\" data-widget_type=\"image.default\">\n\t\t\t\t<div class=\"elementor-widget-container\">\n\t\t\t\t\t\t\t\t\t\t\t\t\t<img loading=\"lazy\" decoding=\"async\" width=\"600\" height=\"171\" data-src=\"https:\/\/www.ocal.com.uy\/ocalsa\/wp-content\/uploads\/2021\/02\/agronegocios.png\" class=\"attachment-large size-large wp-image-634 lazyload\" alt=\"\" data-srcset=\"https:\/\/www.ocal.com.uy\/ocalsa\/wp-content\/uploads\/2021\/02\/agronegocios.png 600w, https:\/\/www.ocal.com.uy\/ocalsa\/wp-content\/uploads\/2021\/02\/agronegocios-300x86.png 300w\" data-sizes=\"(max-width: 600px) 100vw, 600px\" src=\"data:image\/gif;base64,R0lGODlhAQABAAAAACH5BAEKAAEALAAAAAABAAEAAAICTAEAOw==\" style=\"--smush-placeholder-width: 600px; --smush-placeholder-aspect-ratio: 600\/171;\" \/><noscript><img loading=\"lazy\" decoding=\"async\" width=\"600\" height=\"171\" src=\"https:\/\/www.ocal.com.uy\/ocalsa\/wp-content\/uploads\/2021\/02\/agronegocios.png\" class=\"attachment-large size-large wp-image-634\" alt=\"\" srcset=\"https:\/\/www.ocal.com.uy\/ocalsa\/wp-content\/uploads\/2021\/02\/agronegocios.png 600w, https:\/\/www.ocal.com.uy\/ocalsa\/wp-content\/uploads\/2021\/02\/agronegocios-300x86.png 300w\" sizes=\"(max-width: 600px) 100vw, 600px\" \/><\/noscript>\t\t\t\t\t\t\t\t\t\t\t\t\t<\/div>\n\t\t\t\t<\/div>\n\t\t\t\t\t<\/div>\n\t\t<\/div>\n\t\t\t\t\t<\/div>\n\t\t<\/section>\n\t\t\t\t<section class=\"elementor-section elementor-top-section elementor-element elementor-element-f78dd2f elementor-section-boxed elementor-section-height-default elementor-section-height-default\" data-id=\"f78dd2f\" data-element_type=\"section\">\n\t\t\t\t\t\t<div class=\"elementor-container elementor-column-gap-default\">\n\t\t\t\t\t<div class=\"elementor-column elementor-col-100 elementor-top-column elementor-element elementor-element-18c8515\" data-id=\"18c8515\" data-element_type=\"column\">\n\t\t\t<div class=\"elementor-widget-wrap elementor-element-populated\">\n\t\t\t\t\t\t<div class=\"elementor-element elementor-element-c635b6f elementor-invisible elementor-widget elementor-widget-heading\" data-id=\"c635b6f\" data-element_type=\"widget\" data-settings=\"{&quot;_animation&quot;:&quot;slideInRight&quot;}\" data-widget_type=\"heading.default\">\n\t\t\t\t<div class=\"elementor-widget-container\">\n\t\t\t<h2 class=\"elementor-heading-title elementor-size-default\">Una compa\u00f1\u00eda l\u00edder en Agronegocios<\/h2>\t\t<\/div>\n\t\t\t\t<\/div>\n\t\t\t\t\t<\/div>\n\t\t<\/div>\n\t\t\t\t\t<\/div>\n\t\t<\/section>\n\t\t\t\t<section class=\"elementor-section elementor-top-section elementor-element elementor-element-1146c42d elementor-section-boxed elementor-section-height-default elementor-section-height-default\" data-id=\"1146c42d\" data-element_type=\"section\" data-settings=\"{&quot;background_background&quot;:&quot;classic&quot;}\">\n\t\t\t\t\t\t<div class=\"elementor-container elementor-column-gap-default\">\n\t\t\t\t\t<div class=\"elementor-column elementor-col-50 elementor-top-column elementor-element elementor-element-78b55a60 elementor-invisible\" data-id=\"78b55a60\" data-element_type=\"column\" data-settings=\"{&quot;animation&quot;:&quot;slideInLeft&quot;}\">\n\t\t\t<div class=\"elementor-widget-wrap elementor-element-populated\">\n\t\t\t\t\t\t<div class=\"elementor-element elementor-element-69c1e96f elementor-widget elementor-widget-text-editor\" data-id=\"69c1e96f\" data-element_type=\"widget\" data-widget_type=\"text-editor.default\">\n\t\t\t\t<div class=\"elementor-widget-container\">\n\t\t\t\t\t\t\t<p>Somos una empresa que se especializa en ganader\u00eda bovina para la producci\u00f3n de carne y leche y en la Agricultura. Apostamos al mejoramiento gen\u00e9tico y de los procesos tanto en nosotros como en nuestros clientes y asesorados.<br \/>Trabajamos para lograr la maximizaci\u00f3n de beneficio en nuestros proyectos como forma de generar condiciones para el desarrollo sustentable de la producci\u00f3n agropecuaria. <br \/>Nos comprometemos con la b\u00fasqueda continua de una posici\u00f3n de liderazgo en el mercado, cumpliendo las normativas y los requisitos aplicables, asegurando la confidencialidad de la informaci\u00f3n y gestionando de forma responsable e innovadora. <br \/>Trabajamos para alcanzar, e incluso superar, las expectativas de nuestras partes interesadas, organizando la gesti\u00f3n apoyada en los siguientes pilares que le dan sustento:<\/p>\t\t\t\t\t\t<\/div>\n\t\t\t\t<\/div>\n\t\t\t\t\t<\/div>\n\t\t<\/div>\n\t\t\t\t<div class=\"elementor-column elementor-col-50 elementor-top-column elementor-element elementor-element-7fa2c813\" data-id=\"7fa2c813\" data-element_type=\"column\">\n\t\t\t<div class=\"elementor-widget-wrap elementor-element-populated\">\n\t\t\t\t\t\t<div class=\"elementor-element elementor-element-37ed0d2 elementor-invisible elementor-widget elementor-widget-image\" data-id=\"37ed0d2\" data-element_type=\"widget\" data-settings=\"{&quot;_animation&quot;:&quot;slideInUp&quot;}\" data-widget_type=\"image.default\">\n\t\t\t\t<div class=\"elementor-widget-container\">\n\t\t\t\t\t\t\t\t\t\t\t\t\t<img loading=\"lazy\" decoding=\"async\" width=\"700\" height=\"401\" data-src=\"https:\/\/www.ocal.com.uy\/ocalsa\/wp-content\/uploads\/2021\/02\/vaca.png\" class=\"attachment-large size-large wp-image-467 lazyload\" alt=\"\" data-srcset=\"https:\/\/www.ocal.com.uy\/ocalsa\/wp-content\/uploads\/2021\/02\/vaca.png 700w, https:\/\/www.ocal.com.uy\/ocalsa\/wp-content\/uploads\/2021\/02\/vaca-300x172.png 300w\" data-sizes=\"(max-width: 700px) 100vw, 700px\" src=\"data:image\/gif;base64,R0lGODlhAQABAAAAACH5BAEKAAEALAAAAAABAAEAAAICTAEAOw==\" style=\"--smush-placeholder-width: 700px; --smush-placeholder-aspect-ratio: 700\/401;\" \/><noscript><img loading=\"lazy\" decoding=\"async\" width=\"700\" height=\"401\" src=\"https:\/\/www.ocal.com.uy\/ocalsa\/wp-content\/uploads\/2021\/02\/vaca.png\" class=\"attachment-large size-large wp-image-467\" alt=\"\" srcset=\"https:\/\/www.ocal.com.uy\/ocalsa\/wp-content\/uploads\/2021\/02\/vaca.png 700w, https:\/\/www.ocal.com.uy\/ocalsa\/wp-content\/uploads\/2021\/02\/vaca-300x172.png 300w\" sizes=\"(max-width: 700px) 100vw, 700px\" \/><\/noscript>\t\t\t\t\t\t\t\t\t\t\t\t\t<\/div>\n\t\t\t\t<\/div>\n\t\t\t\t\t<\/div>\n\t\t<\/div>\n\t\t\t\t\t<\/div>\n\t\t<\/section>\n\t\t\t\t<section class=\"elementor-section elementor-top-section elementor-element elementor-element-f1c6f6c elementor-section-boxed elementor-section-height-default elementor-section-height-default\" data-id=\"f1c6f6c\" data-element_type=\"section\" data-settings=\"{&quot;background_background&quot;:&quot;classic&quot;}\">\n\t\t\t\t\t\t<div class=\"elementor-container elementor-column-gap-default\">\n\t\t\t\t\t<div class=\"elementor-column elementor-col-50 elementor-top-column elementor-element elementor-element-8d66206 elementor-invisible\" data-id=\"8d66206\" data-element_type=\"column\" data-settings=\"{&quot;animation&quot;:&quot;slideInLeft&quot;}\">\n\t\t\t<div class=\"elementor-widget-wrap elementor-element-populated\">\n\t\t\t\t\t\t<div class=\"elementor-element elementor-element-bd658fa elementor-widget elementor-widget-image\" data-id=\"bd658fa\" data-element_type=\"widget\" data-widget_type=\"image.default\">\n\t\t\t\t<div class=\"elementor-widget-container\">\n\t\t\t\t\t\t\t\t\t\t\t\t\t<img loading=\"lazy\" decoding=\"async\" width=\"800\" height=\"430\" data-src=\"https:\/\/www.ocal.com.uy\/ocalsa\/wp-content\/uploads\/2021\/02\/vaquillas.jpg\" class=\"attachment-large size-large wp-image-469 lazyload\" alt=\"\" data-srcset=\"https:\/\/www.ocal.com.uy\/ocalsa\/wp-content\/uploads\/2021\/02\/vaquillas.jpg 800w, https:\/\/www.ocal.com.uy\/ocalsa\/wp-content\/uploads\/2021\/02\/vaquillas-300x161.jpg 300w, https:\/\/www.ocal.com.uy\/ocalsa\/wp-content\/uploads\/2021\/02\/vaquillas-768x413.jpg 768w\" data-sizes=\"(max-width: 800px) 100vw, 800px\" src=\"data:image\/gif;base64,R0lGODlhAQABAAAAACH5BAEKAAEALAAAAAABAAEAAAICTAEAOw==\" style=\"--smush-placeholder-width: 800px; --smush-placeholder-aspect-ratio: 800\/430;\" \/><noscript><img loading=\"lazy\" decoding=\"async\" width=\"800\" height=\"430\" src=\"https:\/\/www.ocal.com.uy\/ocalsa\/wp-content\/uploads\/2021\/02\/vaquillas.jpg\" class=\"attachment-large size-large wp-image-469\" alt=\"\" srcset=\"https:\/\/www.ocal.com.uy\/ocalsa\/wp-content\/uploads\/2021\/02\/vaquillas.jpg 800w, https:\/\/www.ocal.com.uy\/ocalsa\/wp-content\/uploads\/2021\/02\/vaquillas-300x161.jpg 300w, https:\/\/www.ocal.com.uy\/ocalsa\/wp-content\/uploads\/2021\/02\/vaquillas-768x413.jpg 768w\" sizes=\"(max-width: 800px) 100vw, 800px\" \/><\/noscript>\t\t\t\t\t\t\t\t\t\t\t\t\t<\/div>\n\t\t\t\t<\/div>\n\t\t\t\t<div class=\"elementor-element elementor-element-fc63ef9 elementor-widget elementor-widget-image\" data-id=\"fc63ef9\" data-element_type=\"widget\" data-widget_type=\"image.default\">\n\t\t\t\t<div class=\"elementor-widget-container\">\n\t\t\t\t\t\t\t\t\t\t\t\t\t<img loading=\"lazy\" decoding=\"async\" width=\"800\" height=\"430\" data-src=\"https:\/\/www.ocal.com.uy\/ocalsa\/wp-content\/uploads\/2021\/02\/leche-1.jpg\" class=\"attachment-large size-large wp-image-470 lazyload\" alt=\"\" data-srcset=\"https:\/\/www.ocal.com.uy\/ocalsa\/wp-content\/uploads\/2021\/02\/leche-1.jpg 800w, https:\/\/www.ocal.com.uy\/ocalsa\/wp-content\/uploads\/2021\/02\/leche-1-300x161.jpg 300w, https:\/\/www.ocal.com.uy\/ocalsa\/wp-content\/uploads\/2021\/02\/leche-1-768x413.jpg 768w\" data-sizes=\"(max-width: 800px) 100vw, 800px\" src=\"data:image\/gif;base64,R0lGODlhAQABAAAAACH5BAEKAAEALAAAAAABAAEAAAICTAEAOw==\" style=\"--smush-placeholder-width: 800px; --smush-placeholder-aspect-ratio: 800\/430;\" \/><noscript><img loading=\"lazy\" decoding=\"async\" width=\"800\" height=\"430\" src=\"https:\/\/www.ocal.com.uy\/ocalsa\/wp-content\/uploads\/2021\/02\/leche-1.jpg\" class=\"attachment-large size-large wp-image-470\" alt=\"\" srcset=\"https:\/\/www.ocal.com.uy\/ocalsa\/wp-content\/uploads\/2021\/02\/leche-1.jpg 800w, https:\/\/www.ocal.com.uy\/ocalsa\/wp-content\/uploads\/2021\/02\/leche-1-300x161.jpg 300w, https:\/\/www.ocal.com.uy\/ocalsa\/wp-content\/uploads\/2021\/02\/leche-1-768x413.jpg 768w\" sizes=\"(max-width: 800px) 100vw, 800px\" \/><\/noscript>\t\t\t\t\t\t\t\t\t\t\t\t\t<\/div>\n\t\t\t\t<\/div>\n\t\t\t\t\t<\/div>\n\t\t<\/div>\n\t\t\t\t<div class=\"elementor-column elementor-col-50 elementor-top-column elementor-element elementor-element-bf75ae4 elementor-invisible\" data-id=\"bf75ae4\" data-element_type=\"column\" data-settings=\"{&quot;animation&quot;:&quot;slideInRight&quot;}\">\n\t\t\t<div class=\"elementor-widget-wrap elementor-element-populated\">\n\t\t\t\t\t\t<div class=\"elementor-element elementor-element-00264a9 elementor-widget elementor-widget-text-editor\" data-id=\"00264a9\" data-element_type=\"widget\" data-widget_type=\"text-editor.default\">\n\t\t\t\t<div class=\"elementor-widget-container\">\n\t\t\t\t\t\t\t<ul><li>Brindamos a nuestros productores, soporte t\u00e9cnico y social, en procura de obtener y mantener una posici\u00f3n de liderazgo en su sector. <\/li><li>Adopci\u00f3n temprana y permanente de tecnolog\u00edas<\/li><li>Eficientizaci\u00f3n y estandarizaci\u00f3n de los procesos productivos<\/li><li>Utilizaci\u00f3n de modernos sistemas de gesti\u00f3n<\/li><li>La integraci\u00f3n y desarrollo de la cadena comercial<\/li><li>Promovemos el compromiso de trabajadores y colaboradores de la cadena agropecuaria.<\/li><li>Buscamos desarrollar las competencias necesarias para que alcancen su m\u00e1ximo potencial y fomentamos el cuidado de la salud y la prevenci\u00f3n en seguridad para evitar enfermedades profesionales y accidentes.<\/li><li>Conscientes de que uno de los principales activos de nuestra Empresa es la confianza de clientes y consumidores promovemos la excelencia de nuestros procesos, aplicando una gesti\u00f3n integral de riesgos y asegurando la calidad e inocuidad de los productos.<\/li><li>Empleamos las mejores pr\u00e1cticas en todos los niveles de la organizaci\u00f3n, contando con instalaciones y equipamientos que se adecuan al desarrollo de las actividades y buscan estar a la vanguardia de los cambios tecnol\u00f3gicos. <\/li><li>Contribuimos al desarrollo econ\u00f3mico y social de la comunidad, atendiendo sus necesidades e impulsando un di\u00e1logo responsable. Promovemos la protecci\u00f3n del medio ambiente mediante el uso eficiente de los recursos naturales con especial cuidado del agua y energ\u00eda, apostando a la gesti\u00f3n sustentable de cada uno de los eslabones de la cadena de valor<\/li><\/ul>\t\t\t\t\t\t<\/div>\n\t\t\t\t<\/div>\n\t\t\t\t\t<\/div>\n\t\t<\/div>\n\t\t\t\t\t<\/div>\n\t\t<\/section>\n\t\t\t\t<section class=\"elementor-section elementor-top-section elementor-element elementor-element-6e90f730 elementor-section-boxed elementor-section-height-default elementor-section-height-default\" data-id=\"6e90f730\" data-element_type=\"section\" data-settings=\"{&quot;background_background&quot;:&quot;classic&quot;}\">\n\t\t\t\t\t\t<div class=\"elementor-container elementor-column-gap-default\">\n\t\t\t\t\t<div class=\"elementor-column elementor-col-100 elementor-top-column elementor-element elementor-element-727729a6\" data-id=\"727729a6\" data-element_type=\"column\">\n\t\t\t<div class=\"elementor-widget-wrap elementor-element-populated\">\n\t\t\t\t\t\t<div class=\"elementor-element elementor-element-356a4c0 elementor-widget elementor-widget-heading\" data-id=\"356a4c0\" data-element_type=\"widget\" data-widget_type=\"heading.default\">\n\t\t\t\t<div class=\"elementor-widget-container\">\n\t\t\t<h1 class=\"elementor-heading-title elementor-size-default\">\u00bfAlguna consulta? Ll\u00e1menos +598 099 856 992.<\/h1>\t\t<\/div>\n\t\t\t\t<\/div>\n\t\t\t\t<section class=\"elementor-section elementor-inner-section elementor-element elementor-element-758360d0 elementor-section-boxed elementor-section-height-default elementor-section-height-default\" data-id=\"758360d0\" data-element_type=\"section\">\n\t\t\t\t\t\t<div class=\"elementor-container elementor-column-gap-default\">\n\t\t\t\t\t<div class=\"elementor-column elementor-col-100 elementor-inner-column elementor-element elementor-element-2720ad42\" data-id=\"2720ad42\" data-element_type=\"column\">\n\t\t\t<div class=\"elementor-widget-wrap elementor-element-populated\">\n\t\t\t\t\t\t<div class=\"elementor-element elementor-element-38b6979a elementor-align-center elementor-widget elementor-widget-button\" data-id=\"38b6979a\" data-element_type=\"widget\" data-widget_type=\"button.default\">\n\t\t\t\t<div class=\"elementor-widget-container\">\n\t\t\t\t\t<div class=\"elementor-button-wrapper\">\n\t\t\t<a class=\"elementor-button elementor-button-link elementor-size-sm\" href=\"http:\/\/ocalsa\/contacto\">\n\t\t\t\t\t\t<span class=\"elementor-button-content-wrapper\">\n\t\t\t\t\t\t\t\t\t<span class=\"elementor-button-text\">Cons\u00faltenos<\/span>\n\t\t\t\t\t<\/span>\n\t\t\t\t\t<\/a>\n\t\t<\/div>\n\t\t\t\t<\/div>\n\t\t\t\t<\/div>\n\t\t\t\t\t<\/div>\n\t\t<\/div>\n\t\t\t\t\t<\/div>\n\t\t<\/section>\n\t\t\t\t\t<\/div>\n\t\t<\/div>\n\t\t\t\t\t<\/div>\n\t\t<\/section>\n\t\t\t\t<\/div>\n\t\t","protected":false},"excerpt":{"rendered":"<p>Agronegocios Una Divisi\u00f3n del Grupo Ocal Una compa\u00f1\u00eda l\u00edder en Agronegocios Somos una empresa que se especializa en ganader\u00eda bovina para la producci\u00f3n de carne y leche y en la Agricultura. Apostamos al mejoramiento gen\u00e9tico y de los procesos tanto en nosotros como en nuestros clientes y asesorados.Trabajamos para lograr la maximizaci\u00f3n de beneficio en [&hellip;]<\/p>\n","protected":false},"author":1,"featured_media":0,"parent":0,"menu_order":0,"comment_status":"closed","ping_status":"closed","template":"","meta":{"_acf_changed":false,"footnotes":""},"acf":[],"_links":{"self":[{"href":"https:\/\/www.ocal.com.uy\/ocalsa\/wp-json\/wp\/v2\/pages\/458"}],"collection":[{"href":"https:\/\/www.ocal.com.uy\/ocalsa\/wp-json\/wp\/v2\/pages"}],"about":[{"href":"https:\/\/www.ocal.com.uy\/ocalsa\/wp-json\/wp\/v2\/types\/page"}],"author":[{"embeddable":true,"href":"https:\/\/www.ocal.com.uy\/ocalsa\/wp-json\/wp\/v2\/users\/1"}],"replies":[{"embeddable":true,"href":"https:\/\/www.ocal.com.uy\/ocalsa\/wp-json\/wp\/v2\/comments?post=458"}],"version-history":[{"count":31,"href":"https:\/\/www.ocal.com.uy\/ocalsa\/wp-json\/wp\/v2\/pages\/458\/revisions"}],"predecessor-version":[{"id":869,"href":"https:\/\/www.ocal.com.uy\/ocalsa\/wp-json\/wp\/v2\/pages\/458\/revisions\/869"}],"wp:attachment":[{"href":"https:\/\/www.ocal.com.uy\/ocalsa\/wp-json\/wp\/v2\/media?parent=458"}],"curies":[{"name":"wp","href":"https:\/\/api.w.org\/{rel}","templated":true}]}}