{"id":694,"date":"2022-01-26T18:21:45","date_gmt":"2022-01-26T18:21:45","guid":{"rendered":"http:\/\/www.ocal.com.uy\/ocalsa\/?page_id=694"},"modified":"2023-05-22T14:32:59","modified_gmt":"2023-05-22T14:32:59","slug":"construcciones","status":"publish","type":"page","link":"https:\/\/www.ocal.com.uy\/ocalsa\/construcciones\/","title":{"rendered":"Ocal Construcciones"},"content":{"rendered":"\t\t<div data-elementor-type=\"wp-page\" data-elementor-id=\"694\" class=\"elementor elementor-694\" data-elementor-post-type=\"page\">\n\t\t\t\t\t\t<section class=\"elementor-section elementor-top-section elementor-element elementor-element-48aa3da3 elementor-section-boxed elementor-section-height-default elementor-section-height-default\" data-id=\"48aa3da3\" data-element_type=\"section\" data-settings=\"{&quot;background_background&quot;:&quot;classic&quot;}\">\n\t\t\t\t\t\t\t<div class=\"elementor-background-overlay\"><\/div>\n\t\t\t\t\t\t\t<div class=\"elementor-container elementor-column-gap-default\">\n\t\t\t\t\t<div class=\"elementor-column elementor-col-100 elementor-top-column elementor-element elementor-element-19f37e2e\" data-id=\"19f37e2e\" data-element_type=\"column\">\n\t\t\t<div class=\"elementor-widget-wrap elementor-element-populated\">\n\t\t\t\t\t\t<div class=\"elementor-element elementor-element-4fe87461 elementor-widget elementor-widget-heading\" data-id=\"4fe87461\" data-element_type=\"widget\" data-widget_type=\"heading.default\">\n\t\t\t\t<div class=\"elementor-widget-container\">\n\t\t\t<h1 class=\"elementor-heading-title elementor-size-default\">Ocal Construcciones<\/h1>\t\t<\/div>\n\t\t\t\t<\/div>\n\t\t\t\t<div class=\"elementor-element elementor-element-35ad6a18 elementor-widget elementor-widget-text-editor\" data-id=\"35ad6a18\" data-element_type=\"widget\" data-widget_type=\"text-editor.default\">\n\t\t\t\t<div class=\"elementor-widget-container\">\n\t\t\t\t\t\t\t<p>Una compa\u00f1\u00eda de Grupo Ocal<\/p>\t\t\t\t\t\t<\/div>\n\t\t\t\t<\/div>\n\t\t\t\t\t<\/div>\n\t\t<\/div>\n\t\t\t\t\t<\/div>\n\t\t<\/section>\n\t\t\t\t<section class=\"elementor-section elementor-top-section elementor-element elementor-element-f78dd2f elementor-section-boxed elementor-section-height-default elementor-section-height-default\" data-id=\"f78dd2f\" data-element_type=\"section\">\n\t\t\t\t\t\t<div class=\"elementor-container elementor-column-gap-default\">\n\t\t\t\t\t<div class=\"elementor-column elementor-col-100 elementor-top-column elementor-element elementor-element-18c8515\" data-id=\"18c8515\" data-element_type=\"column\">\n\t\t\t<div class=\"elementor-widget-wrap elementor-element-populated\">\n\t\t\t\t\t\t<div class=\"elementor-element elementor-element-095a837 elementor-widget elementor-widget-image\" data-id=\"095a837\" data-element_type=\"widget\" data-widget_type=\"image.default\">\n\t\t\t\t<div class=\"elementor-widget-container\">\n\t\t\t\t\t\t\t\t\t\t\t\t\t<img decoding=\"async\" width=\"334\" height=\"119\" data-src=\"https:\/\/www.ocal.com.uy\/ocalsa\/wp-content\/uploads\/2022\/01\/logo2-1.png\" class=\"attachment-large size-large wp-image-697 lazyload\" alt=\"\" data-srcset=\"https:\/\/www.ocal.com.uy\/ocalsa\/wp-content\/uploads\/2022\/01\/logo2-1.png 334w, https:\/\/www.ocal.com.uy\/ocalsa\/wp-content\/uploads\/2022\/01\/logo2-1-300x107.png 300w\" data-sizes=\"(max-width: 334px) 100vw, 334px\" src=\"data:image\/gif;base64,R0lGODlhAQABAAAAACH5BAEKAAEALAAAAAABAAEAAAICTAEAOw==\" style=\"--smush-placeholder-width: 334px; --smush-placeholder-aspect-ratio: 334\/119;\" \/><noscript><img decoding=\"async\" width=\"334\" height=\"119\" src=\"https:\/\/www.ocal.com.uy\/ocalsa\/wp-content\/uploads\/2022\/01\/logo2-1.png\" class=\"attachment-large size-large wp-image-697\" alt=\"\" srcset=\"https:\/\/www.ocal.com.uy\/ocalsa\/wp-content\/uploads\/2022\/01\/logo2-1.png 334w, https:\/\/www.ocal.com.uy\/ocalsa\/wp-content\/uploads\/2022\/01\/logo2-1-300x107.png 300w\" sizes=\"(max-width: 334px) 100vw, 334px\" \/><\/noscript>\t\t\t\t\t\t\t\t\t\t\t\t\t<\/div>\n\t\t\t\t<\/div>\n\t\t\t\t\t<\/div>\n\t\t<\/div>\n\t\t\t\t\t<\/div>\n\t\t<\/section>\n\t\t\t\t<section class=\"elementor-section elementor-top-section elementor-element elementor-element-1146c42d elementor-section-boxed elementor-section-height-default elementor-section-height-default\" data-id=\"1146c42d\" data-element_type=\"section\" data-settings=\"{&quot;background_background&quot;:&quot;classic&quot;}\">\n\t\t\t\t\t\t<div class=\"elementor-container elementor-column-gap-default\">\n\t\t\t\t\t<div class=\"elementor-column elementor-col-50 elementor-top-column elementor-element elementor-element-78b55a60\" data-id=\"78b55a60\" data-element_type=\"column\">\n\t\t\t<div class=\"elementor-widget-wrap elementor-element-populated\">\n\t\t\t\t\t\t<div class=\"elementor-element elementor-element-39a4613 elementor-widget elementor-widget-heading\" data-id=\"39a4613\" data-element_type=\"widget\" data-widget_type=\"heading.default\">\n\t\t\t\t<div class=\"elementor-widget-container\">\n\t\t\t<h2 class=\"elementor-heading-title elementor-size-default\">Ejecuci\u00f3n integral de obras<i class=\"fa fa-clock-o\"><\/i><\/h2>\t\t<\/div>\n\t\t\t\t<\/div>\n\t\t\t\t<div class=\"elementor-element elementor-element-69c1e96f elementor-widget elementor-widget-text-editor\" data-id=\"69c1e96f\" data-element_type=\"widget\" data-widget_type=\"text-editor.default\">\n\t\t\t\t<div class=\"elementor-widget-container\">\n\t\t\t\t\t\t\t<p>Nuestro sistema de trabajo personalizado nos permite cumplir con cada uno de los objetivos propuestos.<\/p><p><strong>Construcciones S\u00f3lidas<br \/><\/strong>Somos profesionales que conocemos a la perfecci\u00f3n las t\u00e9cnicas y materiales que aplicamos, lo que garantiza una construcci\u00f3n s\u00f3lida.<\/p><p><strong>Excelentes Terminaciones<br \/><\/strong>Garantizamos excelentes acabados dado que nuestro calificado personal cuenta a\u00f1os de experiencia trabajando con todo tipo de materiales, ya sea madera, yeso, piedra, aluminio, acero, vidrio y m\u00e1s.<\/p>\t\t\t\t\t\t<\/div>\n\t\t\t\t<\/div>\n\t\t\t\t<section class=\"elementor-section elementor-inner-section elementor-element elementor-element-7cfae76c elementor-section-boxed elementor-section-height-default elementor-section-height-default\" data-id=\"7cfae76c\" data-element_type=\"section\">\n\t\t\t\t\t\t<div class=\"elementor-container elementor-column-gap-default\">\n\t\t\t\t\t<div class=\"elementor-column elementor-col-100 elementor-inner-column elementor-element elementor-element-63e666b8\" data-id=\"63e666b8\" data-element_type=\"column\">\n\t\t\t<div class=\"elementor-widget-wrap elementor-element-populated\">\n\t\t\t\t\t\t<div class=\"elementor-element elementor-element-63c8d4cd elementor-widget elementor-widget-heading\" data-id=\"63c8d4cd\" data-element_type=\"widget\" data-widget_type=\"heading.default\">\n\t\t\t\t<div class=\"elementor-widget-container\">\n\t\t\t<h2 class=\"elementor-heading-title elementor-size-default\">Obras viales<i class=\"fa fa-clock-o\"><\/i><\/h2>\t\t<\/div>\n\t\t\t\t<\/div>\n\t\t\t\t<div class=\"elementor-element elementor-element-71ad10f3 elementor-widget elementor-widget-text-editor\" data-id=\"71ad10f3\" data-element_type=\"widget\" data-widget_type=\"text-editor.default\">\n\t\t\t\t<div class=\"elementor-widget-container\">\n\t\t\t\t\t\t\t<p>Realizamos todo tipo de obras viales: pavimentos asf\u00e1lticos y hormig\u00f3n, carpetas asf\u00e1lticas, movimiento de tierra, desmonte, restauraci\u00f3n de asfalto deteriorado, construcci\u00f3n de calles, carreteras, caminos, rutas y m\u00e1s.<\/p>\t\t\t\t\t\t<\/div>\n\t\t\t\t<\/div>\n\t\t\t\t\t<\/div>\n\t\t<\/div>\n\t\t\t\t\t<\/div>\n\t\t<\/section>\n\t\t\t\t\t<\/div>\n\t\t<\/div>\n\t\t\t\t<div class=\"elementor-column elementor-col-50 elementor-top-column elementor-element elementor-element-7fa2c813\" data-id=\"7fa2c813\" data-element_type=\"column\">\n\t\t\t<div class=\"elementor-widget-wrap elementor-element-populated\">\n\t\t\t\t\t\t<div class=\"elementor-element elementor-element-68fecaf elementor-widget elementor-widget-image\" data-id=\"68fecaf\" data-element_type=\"widget\" data-widget_type=\"image.default\">\n\t\t\t\t<div class=\"elementor-widget-container\">\n\t\t\t\t\t\t\t\t\t\t\t\t\t<img fetchpriority=\"high\" decoding=\"async\" width=\"800\" height=\"941\" src=\"https:\/\/www.ocal.com.uy\/ocalsa\/wp-content\/uploads\/2023\/05\/Maquina-Nueva-871x1024.jpg\" class=\"attachment-large size-large wp-image-1956\" alt=\"\" srcset=\"https:\/\/www.ocal.com.uy\/ocalsa\/wp-content\/uploads\/2023\/05\/Maquina-Nueva-871x1024.jpg 871w, https:\/\/www.ocal.com.uy\/ocalsa\/wp-content\/uploads\/2023\/05\/Maquina-Nueva-255x300.jpg 255w, https:\/\/www.ocal.com.uy\/ocalsa\/wp-content\/uploads\/2023\/05\/Maquina-Nueva-768x902.jpg 768w, https:\/\/www.ocal.com.uy\/ocalsa\/wp-content\/uploads\/2023\/05\/Maquina-Nueva.jpg 1080w\" sizes=\"(max-width: 800px) 100vw, 800px\" \/>\t\t\t\t\t\t\t\t\t\t\t\t\t<\/div>\n\t\t\t\t<\/div>\n\t\t\t\t\t<\/div>\n\t\t<\/div>\n\t\t\t\t\t<\/div>\n\t\t<\/section>\n\t\t\t\t<section class=\"elementor-section elementor-top-section elementor-element elementor-element-6e90f730 elementor-section-boxed elementor-section-height-default elementor-section-height-default\" data-id=\"6e90f730\" data-element_type=\"section\" data-settings=\"{&quot;background_background&quot;:&quot;classic&quot;}\">\n\t\t\t\t\t\t<div class=\"elementor-container elementor-column-gap-default\">\n\t\t\t\t\t<div class=\"elementor-column elementor-col-100 elementor-top-column elementor-element elementor-element-727729a6\" data-id=\"727729a6\" data-element_type=\"column\">\n\t\t\t<div class=\"elementor-widget-wrap elementor-element-populated\">\n\t\t\t\t\t\t<div class=\"elementor-element elementor-element-356a4c0 elementor-widget elementor-widget-heading\" data-id=\"356a4c0\" data-element_type=\"widget\" data-widget_type=\"heading.default\">\n\t\t\t\t<div class=\"elementor-widget-container\">\n\t\t\t<h1 class=\"elementor-heading-title elementor-size-default\">\u00bfAlguna consulta? Ll\u00e1menos +598 099 856 992.<\/h1>\t\t<\/div>\n\t\t\t\t<\/div>\n\t\t\t\t<section class=\"elementor-section elementor-inner-section elementor-element elementor-element-758360d0 elementor-section-boxed elementor-section-height-default elementor-section-height-default\" data-id=\"758360d0\" data-element_type=\"section\">\n\t\t\t\t\t\t<div class=\"elementor-container elementor-column-gap-default\">\n\t\t\t\t\t<div class=\"elementor-column elementor-col-100 elementor-inner-column elementor-element elementor-element-2720ad42\" data-id=\"2720ad42\" data-element_type=\"column\">\n\t\t\t<div class=\"elementor-widget-wrap elementor-element-populated\">\n\t\t\t\t\t\t<div class=\"elementor-element elementor-element-38b6979a elementor-align-center elementor-widget elementor-widget-button\" data-id=\"38b6979a\" data-element_type=\"widget\" data-widget_type=\"button.default\">\n\t\t\t\t<div class=\"elementor-widget-container\">\n\t\t\t\t\t<div class=\"elementor-button-wrapper\">\n\t\t\t<a class=\"elementor-button elementor-button-link elementor-size-sm\" href=\"http:\/\/ocalsa\/contacto\">\n\t\t\t\t\t\t<span class=\"elementor-button-content-wrapper\">\n\t\t\t\t\t\t\t\t\t<span class=\"elementor-button-text\">Cons\u00faltenos<\/span>\n\t\t\t\t\t<\/span>\n\t\t\t\t\t<\/a>\n\t\t<\/div>\n\t\t\t\t<\/div>\n\t\t\t\t<\/div>\n\t\t\t\t\t<\/div>\n\t\t<\/div>\n\t\t\t\t\t<\/div>\n\t\t<\/section>\n\t\t\t\t\t<\/div>\n\t\t<\/div>\n\t\t\t\t\t<\/div>\n\t\t<\/section>\n\t\t\t\t<\/div>\n\t\t","protected":false},"excerpt":{"rendered":"<p>Ocal Construcciones Una compa\u00f1\u00eda de Grupo Ocal Ejecuci\u00f3n integral de obras Nuestro sistema de trabajo personalizado nos permite cumplir con cada uno de los objetivos propuestos. Construcciones S\u00f3lidasSomos profesionales que conocemos a la perfecci\u00f3n las t\u00e9cnicas y materiales que aplicamos, lo que garantiza una construcci\u00f3n s\u00f3lida. Excelentes TerminacionesGarantizamos excelentes acabados dado que nuestro calificado personal [&hellip;]<\/p>\n","protected":false},"author":1,"featured_media":0,"parent":0,"menu_order":0,"comment_status":"closed","ping_status":"closed","template":"","meta":{"_acf_changed":false,"footnotes":""},"acf":[],"_links":{"self":[{"href":"https:\/\/www.ocal.com.uy\/ocalsa\/wp-json\/wp\/v2\/pages\/694"}],"collection":[{"href":"https:\/\/www.ocal.com.uy\/ocalsa\/wp-json\/wp\/v2\/pages"}],"about":[{"href":"https:\/\/www.ocal.com.uy\/ocalsa\/wp-json\/wp\/v2\/types\/page"}],"author":[{"embeddable":true,"href":"https:\/\/www.ocal.com.uy\/ocalsa\/wp-json\/wp\/v2\/users\/1"}],"replies":[{"embeddable":true,"href":"https:\/\/www.ocal.com.uy\/ocalsa\/wp-json\/wp\/v2\/comments?post=694"}],"version-history":[{"count":16,"href":"https:\/\/www.ocal.com.uy\/ocalsa\/wp-json\/wp\/v2\/pages\/694\/revisions"}],"predecessor-version":[{"id":1959,"href":"https:\/\/www.ocal.com.uy\/ocalsa\/wp-json\/wp\/v2\/pages\/694\/revisions\/1959"}],"wp:attachment":[{"href":"https:\/\/www.ocal.com.uy\/ocalsa\/wp-json\/wp\/v2\/media?parent=694"}],"curies":[{"name":"wp","href":"https:\/\/api.w.org\/{rel}","templated":true}]}}