{"id":707,"date":"2022-01-26T18:31:43","date_gmt":"2022-01-26T18:31:43","guid":{"rendered":"http:\/\/www.ocal.com.uy\/ocalsa\/?page_id=707"},"modified":"2023-03-01T18:44:05","modified_gmt":"2023-03-01T18:44:05","slug":"servicios","status":"publish","type":"page","link":"https:\/\/www.ocal.com.uy\/ocalsa\/servicios\/","title":{"rendered":"Servicios"},"content":{"rendered":"\t\t<div data-elementor-type=\"wp-page\" data-elementor-id=\"707\" class=\"elementor elementor-707\" data-elementor-post-type=\"page\">\n\t\t\t\t\t\t<section class=\"elementor-section elementor-top-section elementor-element elementor-element-32407f95 elementor-section-boxed elementor-section-height-default elementor-section-height-default\" data-id=\"32407f95\" data-element_type=\"section\" data-settings=\"{&quot;background_background&quot;:&quot;classic&quot;}\">\n\t\t\t\t\t\t\t<div class=\"elementor-background-overlay\"><\/div>\n\t\t\t\t\t\t\t<div class=\"elementor-container elementor-column-gap-default\">\n\t\t\t\t\t<div class=\"elementor-column elementor-col-100 elementor-top-column elementor-element elementor-element-3c1fd346\" data-id=\"3c1fd346\" data-element_type=\"column\">\n\t\t\t<div class=\"elementor-widget-wrap elementor-element-populated\">\n\t\t\t\t\t\t<div class=\"elementor-element elementor-element-575ed6dd elementor-widget elementor-widget-heading\" data-id=\"575ed6dd\" data-element_type=\"widget\" data-widget_type=\"heading.default\">\n\t\t\t\t<div class=\"elementor-widget-container\">\n\t\t\t<h1 class=\"elementor-heading-title elementor-size-default\">Servicios<\/h1>\t\t<\/div>\n\t\t\t\t<\/div>\n\t\t\t\t<div class=\"elementor-element elementor-element-755da864 elementor-widget elementor-widget-text-editor\" data-id=\"755da864\" data-element_type=\"widget\" data-widget_type=\"text-editor.default\">\n\t\t\t\t<div class=\"elementor-widget-container\">\n\t\t\t\t\t\t\t<p>Innovaci\u00f3n y Tecnolog\u00eda<\/p>\t\t\t\t\t\t<\/div>\n\t\t\t\t<\/div>\n\t\t\t\t\t<\/div>\n\t\t<\/div>\n\t\t\t\t\t<\/div>\n\t\t<\/section>\n\t\t\t\t<section class=\"elementor-section elementor-top-section elementor-element elementor-element-48fb3490 elementor-section-boxed elementor-section-height-default elementor-section-height-default\" data-id=\"48fb3490\" data-element_type=\"section\" data-settings=\"{&quot;background_background&quot;:&quot;classic&quot;}\">\n\t\t\t\t\t\t<div class=\"elementor-container elementor-column-gap-no\">\n\t\t\t\t\t<div class=\"elementor-column elementor-col-100 elementor-top-column elementor-element elementor-element-1b7f1dd4\" data-id=\"1b7f1dd4\" data-element_type=\"column\">\n\t\t\t<div class=\"elementor-widget-wrap elementor-element-populated\">\n\t\t\t\t\t\t<div class=\"elementor-element elementor-element-e1dc8f8 elementor-invisible elementor-widget elementor-widget-heading\" data-id=\"e1dc8f8\" data-element_type=\"widget\" data-settings=\"{&quot;_animation&quot;:&quot;fadeInLeft&quot;}\" data-widget_type=\"heading.default\">\n\t\t\t\t<div class=\"elementor-widget-container\">\n\t\t\t<h2 class=\"elementor-heading-title elementor-size-default\">Ventaja competitiva<\/h2>\t\t<\/div>\n\t\t\t\t<\/div>\n\t\t\t\t<div class=\"elementor-element elementor-element-1e00e2c6 elementor-invisible elementor-widget elementor-widget-text-editor\" data-id=\"1e00e2c6\" data-element_type=\"widget\" data-settings=\"{&quot;_animation&quot;:&quot;fadeInRight&quot;}\" data-widget_type=\"text-editor.default\">\n\t\t\t\t<div class=\"elementor-widget-container\">\n\t\t\t\t\t\t\t<p>Los m\u00faltiples servicios que brinda el Grupo Ocal ofrecen\u00a0 ventajas inigualables. El estar conformado por equipos altamente capacitados e interconectados entre las diversas compa\u00f1\u00edas que lo componen, nos permite dar respuestas r\u00e1pidas y eficaces a los diversos requerimientos de nuestros clientes.<\/p>\t\t\t\t\t\t<\/div>\n\t\t\t\t<\/div>\n\t\t\t\t<section class=\"elementor-section elementor-inner-section elementor-element elementor-element-1fa27987 elementor-section-boxed elementor-section-height-default elementor-section-height-default\" data-id=\"1fa27987\" data-element_type=\"section\">\n\t\t\t\t\t\t<div class=\"elementor-container elementor-column-gap-default\">\n\t\t\t\t\t<div class=\"elementor-column elementor-col-33 elementor-inner-column elementor-element elementor-element-29aa07da elementor-invisible\" data-id=\"29aa07da\" data-element_type=\"column\" data-settings=\"{&quot;animation&quot;:&quot;fadeInLeft&quot;}\">\n\t\t\t<div class=\"elementor-widget-wrap elementor-element-populated\">\n\t\t\t\t\t\t<div class=\"elementor-element elementor-element-14cff61a elementor-widget elementor-widget-heading\" data-id=\"14cff61a\" data-element_type=\"widget\" data-widget_type=\"heading.default\">\n\t\t\t\t<div class=\"elementor-widget-container\">\n\t\t\t<h2 class=\"elementor-heading-title elementor-size-default\"><i class=\"fa fa-user-o\"><\/i>Efectivo equipo de trabajo<\/h2>\t\t<\/div>\n\t\t\t\t<\/div>\n\t\t\t\t<div class=\"elementor-element elementor-element-426d5d0c elementor-widget elementor-widget-text-editor\" data-id=\"426d5d0c\" data-element_type=\"widget\" data-widget_type=\"text-editor.default\">\n\t\t\t\t<div class=\"elementor-widget-container\">\n\t\t\t\t\t\t\t<p>Contamos con personal de excelencia que lleva muchos a\u00f1os trabajando con nosotros. Un equipo profesional y comprometido en constante aprendizaje de las nuevas tecnolog\u00edas<\/p>\t\t\t\t\t\t<\/div>\n\t\t\t\t<\/div>\n\t\t\t\t\t<\/div>\n\t\t<\/div>\n\t\t\t\t<div class=\"elementor-column elementor-col-33 elementor-inner-column elementor-element elementor-element-86359b elementor-invisible\" data-id=\"86359b\" data-element_type=\"column\" data-settings=\"{&quot;animation&quot;:&quot;fadeInUp&quot;}\">\n\t\t\t<div class=\"elementor-widget-wrap elementor-element-populated\">\n\t\t\t\t\t\t<div class=\"elementor-element elementor-element-1658c9a0 elementor-widget elementor-widget-heading\" data-id=\"1658c9a0\" data-element_type=\"widget\" data-widget_type=\"heading.default\">\n\t\t\t\t<div class=\"elementor-widget-container\">\n\t\t\t<h2 class=\"elementor-heading-title elementor-size-default\"><i class=\"fa fa-clock-o\"><\/i> 60 a\u00f1os de experiencia<\/h2>\t\t<\/div>\n\t\t\t\t<\/div>\n\t\t\t\t<div class=\"elementor-element elementor-element-56bb1da4 elementor-widget elementor-widget-text-editor\" data-id=\"56bb1da4\" data-element_type=\"widget\" data-widget_type=\"text-editor.default\">\n\t\t\t\t<div class=\"elementor-widget-container\">\n\t\t\t\t\t\t\t<p>Los a\u00f1os y nuestros clientes avalan nuestra experiencia. A lo largo de estos a\u00f1os realizamos todo tipo de obras\u00a0 manteniendo altos est\u00e1ndares de calidad.<\/p>\t\t\t\t\t\t<\/div>\n\t\t\t\t<\/div>\n\t\t\t\t\t<\/div>\n\t\t<\/div>\n\t\t\t\t<div class=\"elementor-column elementor-col-33 elementor-inner-column elementor-element elementor-element-6695b9e6 elementor-invisible\" data-id=\"6695b9e6\" data-element_type=\"column\" data-settings=\"{&quot;animation&quot;:&quot;fadeInRight&quot;}\">\n\t\t\t<div class=\"elementor-widget-wrap elementor-element-populated\">\n\t\t\t\t\t\t<div class=\"elementor-element elementor-element-6c02ad39 elementor-widget elementor-widget-heading\" data-id=\"6c02ad39\" data-element_type=\"widget\" data-widget_type=\"heading.default\">\n\t\t\t\t<div class=\"elementor-widget-container\">\n\t\t\t<h2 class=\"elementor-heading-title elementor-size-default\"><i class=\"fa fa-star-o\"><\/i>Alta tecnolog\u00eda<\/h2>\t\t<\/div>\n\t\t\t\t<\/div>\n\t\t\t\t<div class=\"elementor-element elementor-element-78ce4cc5 elementor-widget elementor-widget-text-editor\" data-id=\"78ce4cc5\" data-element_type=\"widget\" data-widget_type=\"text-editor.default\">\n\t\t\t\t<div class=\"elementor-widget-container\">\n\t\t\t\t\t\t\t<p>Estamos comprometidos con la tecnolog\u00eda porque eso nos hizo l\u00edderes en el mercado. Sumamos tecnolog\u00eda a la experiencia y calidad humana de nuestro equipo.<\/p>\t\t\t\t\t\t<\/div>\n\t\t\t\t<\/div>\n\t\t\t\t\t<\/div>\n\t\t<\/div>\n\t\t\t\t\t<\/div>\n\t\t<\/section>\n\t\t\t\t\t<\/div>\n\t\t<\/div>\n\t\t\t\t\t<\/div>\n\t\t<\/section>\n\t\t\t\t<section class=\"elementor-section elementor-top-section elementor-element elementor-element-51316c29 elementor-section-boxed elementor-section-height-default elementor-section-height-default\" data-id=\"51316c29\" data-element_type=\"section\">\n\t\t\t\t\t\t<div class=\"elementor-container elementor-column-gap-no\">\n\t\t\t\t\t<div class=\"elementor-column elementor-col-100 elementor-top-column elementor-element elementor-element-3597a5fc\" data-id=\"3597a5fc\" data-element_type=\"column\">\n\t\t\t<div class=\"elementor-widget-wrap elementor-element-populated\">\n\t\t\t\t\t\t<div class=\"elementor-element elementor-element-3483d230 elementor-invisible elementor-widget elementor-widget-heading\" data-id=\"3483d230\" data-element_type=\"widget\" data-settings=\"{&quot;_animation&quot;:&quot;fadeInLeft&quot;}\" data-widget_type=\"heading.default\">\n\t\t\t\t<div class=\"elementor-widget-container\">\n\t\t\t<h2 class=\"elementor-heading-title elementor-size-default\">Nuestros Servicios<\/h2>\t\t<\/div>\n\t\t\t\t<\/div>\n\t\t\t\t<section class=\"elementor-section elementor-inner-section elementor-element elementor-element-10edbd5a elementor-section-boxed elementor-section-height-default elementor-section-height-default\" data-id=\"10edbd5a\" data-element_type=\"section\">\n\t\t\t\t\t\t<div class=\"elementor-container elementor-column-gap-default\">\n\t\t\t\t\t<div class=\"elementor-column elementor-col-50 elementor-inner-column elementor-element elementor-element-11930ebd elementor-invisible\" data-id=\"11930ebd\" data-element_type=\"column\" data-settings=\"{&quot;animation&quot;:&quot;fadeInLeft&quot;}\">\n\t\t\t<div class=\"elementor-widget-wrap elementor-element-populated\">\n\t\t\t\t\t\t<div class=\"elementor-element elementor-element-33a59274 elementor-widget elementor-widget-image\" data-id=\"33a59274\" data-element_type=\"widget\" data-widget_type=\"image.default\">\n\t\t\t\t<div class=\"elementor-widget-container\">\n\t\t\t\t\t\t\t\t\t\t\t\t\t<img fetchpriority=\"high\" decoding=\"async\" width=\"2000\" height=\"1100\" src=\"https:\/\/www.ocal.com.uy\/ocalsa\/wp-content\/uploads\/2022\/08\/hotel.jpg\" class=\"attachment-full size-full wp-image-1535\" alt=\"\" srcset=\"https:\/\/www.ocal.com.uy\/ocalsa\/wp-content\/uploads\/2022\/08\/hotel.jpg 2000w, https:\/\/www.ocal.com.uy\/ocalsa\/wp-content\/uploads\/2022\/08\/hotel-300x165.jpg 300w, https:\/\/www.ocal.com.uy\/ocalsa\/wp-content\/uploads\/2022\/08\/hotel-1024x563.jpg 1024w, https:\/\/www.ocal.com.uy\/ocalsa\/wp-content\/uploads\/2022\/08\/hotel-768x422.jpg 768w, https:\/\/www.ocal.com.uy\/ocalsa\/wp-content\/uploads\/2022\/08\/hotel-1536x845.jpg 1536w\" sizes=\"(max-width: 2000px) 100vw, 2000px\" \/>\t\t\t\t\t\t\t\t\t\t\t\t\t<\/div>\n\t\t\t\t<\/div>\n\t\t\t\t<div class=\"elementor-element elementor-element-3e592181 elementor-widget elementor-widget-heading\" data-id=\"3e592181\" data-element_type=\"widget\" data-widget_type=\"heading.default\">\n\t\t\t\t<div class=\"elementor-widget-container\">\n\t\t\t<h2 class=\"elementor-heading-title elementor-size-default\">Construcci\u00f3n<\/h2>\t\t<\/div>\n\t\t\t\t<\/div>\n\t\t\t\t<div class=\"elementor-element elementor-element-5f01bd02 elementor-widget elementor-widget-text-editor\" data-id=\"5f01bd02\" data-element_type=\"widget\" data-widget_type=\"text-editor.default\">\n\t\t\t\t<div class=\"elementor-widget-container\">\n\t\t\t\t\t\t\t<p>Nuestro sistema de trabajo personalizado nos permite cumplir con cada uno de los objetivos propuestos. Somos profesionales que conocemos a la perfecci\u00f3n las t\u00e9cnicas y materiales que aplicamos garantizando una construcci\u00f3n s\u00f3lida.<\/p>\t\t\t\t\t\t<\/div>\n\t\t\t\t<\/div>\n\t\t\t\t\t<\/div>\n\t\t<\/div>\n\t\t\t\t<div class=\"elementor-column elementor-col-50 elementor-inner-column elementor-element elementor-element-c2764a5 elementor-invisible\" data-id=\"c2764a5\" data-element_type=\"column\" data-settings=\"{&quot;animation&quot;:&quot;fadeInRight&quot;}\">\n\t\t\t<div class=\"elementor-widget-wrap elementor-element-populated\">\n\t\t\t\t\t\t<div class=\"elementor-element elementor-element-5dcfbb67 elementor-widget elementor-widget-image\" data-id=\"5dcfbb67\" data-element_type=\"widget\" data-widget_type=\"image.default\">\n\t\t\t\t<div class=\"elementor-widget-container\">\n\t\t\t\t\t\t\t\t\t\t\t\t\t<img decoding=\"async\" width=\"1000\" height=\"550\" data-src=\"https:\/\/www.ocal.com.uy\/ocalsa\/wp-content\/uploads\/2023\/03\/transporte.jpg\" class=\"attachment-full size-full wp-image-1632 lazyload\" alt=\"\" data-srcset=\"https:\/\/www.ocal.com.uy\/ocalsa\/wp-content\/uploads\/2023\/03\/transporte.jpg 1000w, https:\/\/www.ocal.com.uy\/ocalsa\/wp-content\/uploads\/2023\/03\/transporte-300x165.jpg 300w, https:\/\/www.ocal.com.uy\/ocalsa\/wp-content\/uploads\/2023\/03\/transporte-768x422.jpg 768w\" data-sizes=\"(max-width: 1000px) 100vw, 1000px\" src=\"data:image\/gif;base64,R0lGODlhAQABAAAAACH5BAEKAAEALAAAAAABAAEAAAICTAEAOw==\" style=\"--smush-placeholder-width: 1000px; --smush-placeholder-aspect-ratio: 1000\/550;\" \/><noscript><img decoding=\"async\" width=\"1000\" height=\"550\" src=\"https:\/\/www.ocal.com.uy\/ocalsa\/wp-content\/uploads\/2023\/03\/transporte.jpg\" class=\"attachment-full size-full wp-image-1632\" alt=\"\" srcset=\"https:\/\/www.ocal.com.uy\/ocalsa\/wp-content\/uploads\/2023\/03\/transporte.jpg 1000w, https:\/\/www.ocal.com.uy\/ocalsa\/wp-content\/uploads\/2023\/03\/transporte-300x165.jpg 300w, https:\/\/www.ocal.com.uy\/ocalsa\/wp-content\/uploads\/2023\/03\/transporte-768x422.jpg 768w\" sizes=\"(max-width: 1000px) 100vw, 1000px\" \/><\/noscript>\t\t\t\t\t\t\t\t\t\t\t\t\t<\/div>\n\t\t\t\t<\/div>\n\t\t\t\t<div class=\"elementor-element elementor-element-54f2ddb4 elementor-widget elementor-widget-heading\" data-id=\"54f2ddb4\" data-element_type=\"widget\" data-widget_type=\"heading.default\">\n\t\t\t\t<div class=\"elementor-widget-container\">\n\t\t\t<h2 class=\"elementor-heading-title elementor-size-default\">Transporte Profesional<\/h2>\t\t<\/div>\n\t\t\t\t<\/div>\n\t\t\t\t<div class=\"elementor-element elementor-element-5f1f2427 elementor-widget elementor-widget-text-editor\" data-id=\"5f1f2427\" data-element_type=\"widget\" data-widget_type=\"text-editor.default\">\n\t\t\t\t<div class=\"elementor-widget-container\">\n\t\t\t\t\t\t\t<p>Prestamos servicios de todo tipo de transporte de carga en general (\u00e1ridos, viales, agr\u00edcolas, contenedores, cereales etc.) as\u00ed como tambi\u00e9n todo el servicio de log\u00edstica que nuestros clientes demanden.<\/p>\t\t\t\t\t\t<\/div>\n\t\t\t\t<\/div>\n\t\t\t\t\t<\/div>\n\t\t<\/div>\n\t\t\t\t\t<\/div>\n\t\t<\/section>\n\t\t\t\t<section class=\"elementor-section elementor-inner-section elementor-element elementor-element-4ed2364b elementor-section-boxed elementor-section-height-default elementor-section-height-default\" data-id=\"4ed2364b\" data-element_type=\"section\">\n\t\t\t\t\t\t<div class=\"elementor-container elementor-column-gap-default\">\n\t\t\t\t\t<div class=\"elementor-column elementor-col-50 elementor-inner-column elementor-element elementor-element-3ce9ee3e elementor-invisible\" data-id=\"3ce9ee3e\" data-element_type=\"column\" data-settings=\"{&quot;animation&quot;:&quot;fadeInLeft&quot;}\">\n\t\t\t<div class=\"elementor-widget-wrap elementor-element-populated\">\n\t\t\t\t\t\t<div class=\"elementor-element elementor-element-237b485e elementor-widget elementor-widget-image\" data-id=\"237b485e\" data-element_type=\"widget\" data-widget_type=\"image.default\">\n\t\t\t\t<div class=\"elementor-widget-container\">\n\t\t\t\t\t\t\t\t\t\t\t\t\t<img decoding=\"async\" width=\"2000\" height=\"1100\" data-src=\"https:\/\/www.ocal.com.uy\/ocalsa\/wp-content\/uploads\/2022\/08\/VIALES.jpg\" class=\"attachment-full size-full wp-image-1534 lazyload\" alt=\"\" data-srcset=\"https:\/\/www.ocal.com.uy\/ocalsa\/wp-content\/uploads\/2022\/08\/VIALES.jpg 2000w, https:\/\/www.ocal.com.uy\/ocalsa\/wp-content\/uploads\/2022\/08\/VIALES-300x165.jpg 300w, https:\/\/www.ocal.com.uy\/ocalsa\/wp-content\/uploads\/2022\/08\/VIALES-1024x563.jpg 1024w, https:\/\/www.ocal.com.uy\/ocalsa\/wp-content\/uploads\/2022\/08\/VIALES-768x422.jpg 768w, https:\/\/www.ocal.com.uy\/ocalsa\/wp-content\/uploads\/2022\/08\/VIALES-1536x845.jpg 1536w\" data-sizes=\"(max-width: 2000px) 100vw, 2000px\" src=\"data:image\/gif;base64,R0lGODlhAQABAAAAACH5BAEKAAEALAAAAAABAAEAAAICTAEAOw==\" style=\"--smush-placeholder-width: 2000px; --smush-placeholder-aspect-ratio: 2000\/1100;\" \/><noscript><img decoding=\"async\" width=\"2000\" height=\"1100\" src=\"https:\/\/www.ocal.com.uy\/ocalsa\/wp-content\/uploads\/2022\/08\/VIALES.jpg\" class=\"attachment-full size-full wp-image-1534\" alt=\"\" srcset=\"https:\/\/www.ocal.com.uy\/ocalsa\/wp-content\/uploads\/2022\/08\/VIALES.jpg 2000w, https:\/\/www.ocal.com.uy\/ocalsa\/wp-content\/uploads\/2022\/08\/VIALES-300x165.jpg 300w, https:\/\/www.ocal.com.uy\/ocalsa\/wp-content\/uploads\/2022\/08\/VIALES-1024x563.jpg 1024w, https:\/\/www.ocal.com.uy\/ocalsa\/wp-content\/uploads\/2022\/08\/VIALES-768x422.jpg 768w, https:\/\/www.ocal.com.uy\/ocalsa\/wp-content\/uploads\/2022\/08\/VIALES-1536x845.jpg 1536w\" sizes=\"(max-width: 2000px) 100vw, 2000px\" \/><\/noscript>\t\t\t\t\t\t\t\t\t\t\t\t\t<\/div>\n\t\t\t\t<\/div>\n\t\t\t\t<div class=\"elementor-element elementor-element-152ba91a elementor-widget elementor-widget-heading\" data-id=\"152ba91a\" data-element_type=\"widget\" data-widget_type=\"heading.default\">\n\t\t\t\t<div class=\"elementor-widget-container\">\n\t\t\t<h2 class=\"elementor-heading-title elementor-size-default\">Obra Vial<\/h2>\t\t<\/div>\n\t\t\t\t<\/div>\n\t\t\t\t<div class=\"elementor-element elementor-element-6bc5cd65 elementor-widget elementor-widget-text-editor\" data-id=\"6bc5cd65\" data-element_type=\"widget\" data-widget_type=\"text-editor.default\">\n\t\t\t\t<div class=\"elementor-widget-container\">\n\t\t\t\t\t\t\t<p>Realizamos todo tipo de obras viales: pavimentos asf\u00e1lticos y hormig\u00f3n, carpetas asf\u00e1lticas, movimiento de tierra, desmonte, restauraci\u00f3n de asfalto deteriorado, construcci\u00f3n de calles, carreteras, caminos, rutas y m\u00e1s.<\/p>\t\t\t\t\t\t<\/div>\n\t\t\t\t<\/div>\n\t\t\t\t\t<\/div>\n\t\t<\/div>\n\t\t\t\t<div class=\"elementor-column elementor-col-50 elementor-inner-column elementor-element elementor-element-1a027ec8 elementor-invisible\" data-id=\"1a027ec8\" data-element_type=\"column\" data-settings=\"{&quot;animation&quot;:&quot;fadeInRight&quot;}\">\n\t\t\t<div class=\"elementor-widget-wrap elementor-element-populated\">\n\t\t\t\t\t\t<div class=\"elementor-element elementor-element-7e184525 elementor-widget elementor-widget-image\" data-id=\"7e184525\" data-element_type=\"widget\" data-widget_type=\"image.default\">\n\t\t\t\t<div class=\"elementor-widget-container\">\n\t\t\t\t\t\t\t\t\t\t\t\t\t<img loading=\"lazy\" decoding=\"async\" width=\"800\" height=\"430\" data-src=\"https:\/\/www.ocal.com.uy\/ocalsa\/wp-content\/uploads\/2021\/02\/vaquillas.jpg\" class=\"attachment-full size-full wp-image-469 lazyload\" alt=\"\" data-srcset=\"https:\/\/www.ocal.com.uy\/ocalsa\/wp-content\/uploads\/2021\/02\/vaquillas.jpg 800w, https:\/\/www.ocal.com.uy\/ocalsa\/wp-content\/uploads\/2021\/02\/vaquillas-300x161.jpg 300w, https:\/\/www.ocal.com.uy\/ocalsa\/wp-content\/uploads\/2021\/02\/vaquillas-768x413.jpg 768w\" data-sizes=\"(max-width: 800px) 100vw, 800px\" src=\"data:image\/gif;base64,R0lGODlhAQABAAAAACH5BAEKAAEALAAAAAABAAEAAAICTAEAOw==\" style=\"--smush-placeholder-width: 800px; --smush-placeholder-aspect-ratio: 800\/430;\" \/><noscript><img loading=\"lazy\" decoding=\"async\" width=\"800\" height=\"430\" src=\"https:\/\/www.ocal.com.uy\/ocalsa\/wp-content\/uploads\/2021\/02\/vaquillas.jpg\" class=\"attachment-full size-full wp-image-469\" alt=\"\" srcset=\"https:\/\/www.ocal.com.uy\/ocalsa\/wp-content\/uploads\/2021\/02\/vaquillas.jpg 800w, https:\/\/www.ocal.com.uy\/ocalsa\/wp-content\/uploads\/2021\/02\/vaquillas-300x161.jpg 300w, https:\/\/www.ocal.com.uy\/ocalsa\/wp-content\/uploads\/2021\/02\/vaquillas-768x413.jpg 768w\" sizes=\"(max-width: 800px) 100vw, 800px\" \/><\/noscript>\t\t\t\t\t\t\t\t\t\t\t\t\t<\/div>\n\t\t\t\t<\/div>\n\t\t\t\t<div class=\"elementor-element elementor-element-1a1b84bb elementor-widget elementor-widget-heading\" data-id=\"1a1b84bb\" data-element_type=\"widget\" data-widget_type=\"heading.default\">\n\t\t\t\t<div class=\"elementor-widget-container\">\n\t\t\t<h2 class=\"elementor-heading-title elementor-size-default\">Agronegocios<\/h2>\t\t<\/div>\n\t\t\t\t<\/div>\n\t\t\t\t<div class=\"elementor-element elementor-element-73c26374 elementor-widget elementor-widget-text-editor\" data-id=\"73c26374\" data-element_type=\"widget\" data-widget_type=\"text-editor.default\">\n\t\t\t\t<div class=\"elementor-widget-container\">\n\t\t\t\t\t\t\t<p>Nos especializamos en ganader\u00eda bovina para la producci\u00f3n de carne y leche y en la Agricultura. Apostamos al mejoramiento gen\u00e9tico y de los procesos tanto en nosotros como en nuestros clientes y asesorados.<\/p>\t\t\t\t\t\t<\/div>\n\t\t\t\t<\/div>\n\t\t\t\t\t<\/div>\n\t\t<\/div>\n\t\t\t\t\t<\/div>\n\t\t<\/section>\n\t\t\t\t\t<\/div>\n\t\t<\/div>\n\t\t\t\t\t<\/div>\n\t\t<\/section>\n\t\t\t\t<section class=\"elementor-section elementor-top-section elementor-element elementor-element-ecb3cd9 elementor-section-boxed elementor-section-height-default elementor-section-height-default elementor-invisible\" data-id=\"ecb3cd9\" data-element_type=\"section\" data-settings=\"{&quot;background_background&quot;:&quot;classic&quot;,&quot;animation&quot;:&quot;fadeInUp&quot;}\">\n\t\t\t\t\t\t<div class=\"elementor-container elementor-column-gap-default\">\n\t\t\t\t\t<div class=\"elementor-column elementor-col-100 elementor-top-column elementor-element elementor-element-f58bdaf\" data-id=\"f58bdaf\" data-element_type=\"column\">\n\t\t\t<div class=\"elementor-widget-wrap elementor-element-populated\">\n\t\t\t\t\t\t<div class=\"elementor-element elementor-element-bdf7634 elementor-widget elementor-widget-heading\" data-id=\"bdf7634\" data-element_type=\"widget\" data-widget_type=\"heading.default\">\n\t\t\t\t<div class=\"elementor-widget-container\">\n\t\t\t<h1 class=\"elementor-heading-title elementor-size-default\">\u00bfAlguna consulta? Ll\u00e1menos +598 099 856 992<\/h1>\t\t<\/div>\n\t\t\t\t<\/div>\n\t\t\t\t<section class=\"elementor-section elementor-inner-section elementor-element elementor-element-2d903cc elementor-section-boxed elementor-section-height-default elementor-section-height-default\" data-id=\"2d903cc\" data-element_type=\"section\">\n\t\t\t\t\t\t<div class=\"elementor-container elementor-column-gap-default\">\n\t\t\t\t\t<div class=\"elementor-column elementor-col-100 elementor-inner-column elementor-element elementor-element-27aba76\" data-id=\"27aba76\" data-element_type=\"column\">\n\t\t\t<div class=\"elementor-widget-wrap elementor-element-populated\">\n\t\t\t\t\t\t<div class=\"elementor-element elementor-element-f69117f elementor-align-center elementor-widget elementor-widget-button\" data-id=\"f69117f\" data-element_type=\"widget\" data-widget_type=\"button.default\">\n\t\t\t\t<div class=\"elementor-widget-container\">\n\t\t\t\t\t<div class=\"elementor-button-wrapper\">\n\t\t\t<a class=\"elementor-button elementor-button-link elementor-size-sm\" href=\"http:\/\/ocalsa\/contacto\">\n\t\t\t\t\t\t<span class=\"elementor-button-content-wrapper\">\n\t\t\t\t\t\t\t\t\t<span class=\"elementor-button-text\">Cons\u00faltenos<\/span>\n\t\t\t\t\t<\/span>\n\t\t\t\t\t<\/a>\n\t\t<\/div>\n\t\t\t\t<\/div>\n\t\t\t\t<\/div>\n\t\t\t\t\t<\/div>\n\t\t<\/div>\n\t\t\t\t\t<\/div>\n\t\t<\/section>\n\t\t\t\t\t<\/div>\n\t\t<\/div>\n\t\t\t\t\t<\/div>\n\t\t<\/section>\n\t\t\t\t<\/div>\n\t\t","protected":false},"excerpt":{"rendered":"<p>Servicios Innovaci\u00f3n y Tecnolog\u00eda Ventaja competitiva Los m\u00faltiples servicios que brinda el Grupo Ocal ofrecen\u00a0 ventajas inigualables. El estar conformado por equipos altamente capacitados e interconectados entre las diversas compa\u00f1\u00edas que lo componen, nos permite dar respuestas r\u00e1pidas y eficaces a los diversos requerimientos de nuestros clientes. Efectivo equipo de trabajo Contamos con personal de [&hellip;]<\/p>\n","protected":false},"author":1,"featured_media":0,"parent":0,"menu_order":0,"comment_status":"closed","ping_status":"closed","template":"","meta":{"_acf_changed":false,"footnotes":""},"acf":[],"_links":{"self":[{"href":"https:\/\/www.ocal.com.uy\/ocalsa\/wp-json\/wp\/v2\/pages\/707"}],"collection":[{"href":"https:\/\/www.ocal.com.uy\/ocalsa\/wp-json\/wp\/v2\/pages"}],"about":[{"href":"https:\/\/www.ocal.com.uy\/ocalsa\/wp-json\/wp\/v2\/types\/page"}],"author":[{"embeddable":true,"href":"https:\/\/www.ocal.com.uy\/ocalsa\/wp-json\/wp\/v2\/users\/1"}],"replies":[{"embeddable":true,"href":"https:\/\/www.ocal.com.uy\/ocalsa\/wp-json\/wp\/v2\/comments?post=707"}],"version-history":[{"count":49,"href":"https:\/\/www.ocal.com.uy\/ocalsa\/wp-json\/wp\/v2\/pages\/707\/revisions"}],"predecessor-version":[{"id":1635,"href":"https:\/\/www.ocal.com.uy\/ocalsa\/wp-json\/wp\/v2\/pages\/707\/revisions\/1635"}],"wp:attachment":[{"href":"https:\/\/www.ocal.com.uy\/ocalsa\/wp-json\/wp\/v2\/media?parent=707"}],"curies":[{"name":"wp","href":"https:\/\/api.w.org\/{rel}","templated":true}]}}